{"id":77,"date":"2020-07-08T22:33:56","date_gmt":"2020-07-08T20:33:56","guid":{"rendered":"https:\/\/rejsedagbog.jnaasnet.dk\/?page_id=77"},"modified":"2020-07-10T09:19:58","modified_gmt":"2020-07-10T07:19:58","slug":"dag-3-nurnberg","status":"publish","type":"page","link":"https:\/\/rejsedagbog.jnaasnet.dk\/?page_id=77","title":{"rendered":"Dag #3: N\u00fcrnberg"},"content":{"rendered":"\n<h4 class=\"wp-block-heading\">Torsdag 2. juli 2020<\/h4>\n\n\n\n<p>For enden af vejen, hvor vi bor, ligger en Bio-Markt, hvor vi handlede morgenmad: Br\u00f8d, yoghurt, marmelade, ost og br\u00f8d. Vi k\u00f8bte ogs\u00e5 ind til sandwiches til k\u00f8returen i morgen. Vi gik tilbage og spiste og gik s\u00e5 afsted mod reichparteitagsgel\u00e4nde, som Hitler byggede og hvor det begyndte at regne. Vi s\u00e5 en fin udstilling med audioguide om det tredje rige, nazismen og N\u00fcrnbergs betydning for det nationalsocialistiske parti, meget af udstillingen behandlede emner som vi havde kendskab til via vores 4 timers rundtur i en bunker i Berlin forrige sommer, med udstillingen &#8220;Hitler &#8211; how could it happen&#8221;, dog nu ogs\u00e5 med Nurnberg\/Bayern vinkel. Inden Hitler for alvor kom til magten brugte det social nationalistiske parti N\u00fcrnberg som m\u00f8dested og afholdt store forsamlinger, hvor mennesker fra hele landet kom til. Dette fors\u00f8gte bystyret at forhindre ved forbud. Det \u00e6ndrede dog ikke p\u00e5 at N\u00fcrnberg kom til at spille en central rolle for, hvor Hitler holdt sine taler og kunne samle en halv million mennesker.<\/p>\n\n\n\n<p>Jonas undrede sig over, at et s\u00e5 stort byggeri som congresshalle ikke anvendes som aktiv af byen, og henst\u00e5r som intermistisk lagerbygning\/skraldeplads.<\/p>\n\n\n\n<figure class=\"wp-block-image size-large\"><img loading=\"lazy\" decoding=\"async\" width=\"1024\" height=\"485\" src=\"https:\/\/rejsedagbog.jnaasnet.dk\/wp-content\/uploads\/2020\/07\/image-39-1024x485.png\" alt=\"\u0631\u0647 \n\u0664 \u0660 hiaiyr&quot; e@iii' \n\u0662\u0661 11 \u0662\u0661\u0661\u0666\u0661 \n\u0660\u0664 \" class=\"wp-image-89\" srcset=\"https:\/\/rejsedagbog.jnaasnet.dk\/wp-content\/uploads\/2020\/07\/image-39-1024x485.png 1024w, https:\/\/rejsedagbog.jnaasnet.dk\/wp-content\/uploads\/2020\/07\/image-39-300x142.png 300w, https:\/\/rejsedagbog.jnaasnet.dk\/wp-content\/uploads\/2020\/07\/image-39-768x364.png 768w, https:\/\/rejsedagbog.jnaasnet.dk\/wp-content\/uploads\/2020\/07\/image-39-1536x728.png 1536w, https:\/\/rejsedagbog.jnaasnet.dk\/wp-content\/uploads\/2020\/07\/image-39-2048x971.png 2048w, https:\/\/rejsedagbog.jnaasnet.dk\/wp-content\/uploads\/2020\/07\/image-39-1600x758.png 1600w\" sizes=\"auto, (max-width: 1024px) 100vw, 1024px\" \/><\/figure>\n\n\n\n<figure class=\"wp-block-image size-large\"><img loading=\"lazy\" decoding=\"async\" width=\"1024\" height=\"485\" src=\"https:\/\/rejsedagbog.jnaasnet.dk\/wp-content\/uploads\/2020\/07\/20200702_121407-1024x485.jpg\" alt=\"\" class=\"wp-image-192\" srcset=\"https:\/\/rejsedagbog.jnaasnet.dk\/wp-content\/uploads\/2020\/07\/20200702_121407-1024x485.jpg 1024w, https:\/\/rejsedagbog.jnaasnet.dk\/wp-content\/uploads\/2020\/07\/20200702_121407-300x142.jpg 300w, https:\/\/rejsedagbog.jnaasnet.dk\/wp-content\/uploads\/2020\/07\/20200702_121407-768x364.jpg 768w, https:\/\/rejsedagbog.jnaasnet.dk\/wp-content\/uploads\/2020\/07\/20200702_121407-1536x728.jpg 1536w, https:\/\/rejsedagbog.jnaasnet.dk\/wp-content\/uploads\/2020\/07\/20200702_121407-2048x971.jpg 2048w, https:\/\/rejsedagbog.jnaasnet.dk\/wp-content\/uploads\/2020\/07\/20200702_121407-1600x758.jpg 1600w\" sizes=\"auto, (max-width: 1024px) 100vw, 1024px\" \/><\/figure>\n\n\n\n<figure class=\"wp-block-image size-large\"><img loading=\"lazy\" decoding=\"async\" width=\"768\" height=\"1024\" src=\"https:\/\/rejsedagbog.jnaasnet.dk\/wp-content\/uploads\/2020\/07\/image-40-768x1024.png\" alt=\"HID \u0628\u0644\u0627 \/ \u0644\u0644\u0627 \u062a\u0627\u0645\u0644\u0627 \u0627\u0627 \u0627\u0643\u0645\u0627 \n(&amp;(0(1\/\/00 \nEINGANG \/ ENTRANCE \nEINGANG \/ ENTRANCE \" class=\"wp-image-90\" srcset=\"https:\/\/rejsedagbog.jnaasnet.dk\/wp-content\/uploads\/2020\/07\/image-40-768x1024.png 768w, https:\/\/rejsedagbog.jnaasnet.dk\/wp-content\/uploads\/2020\/07\/image-40-225x300.png 225w, https:\/\/rejsedagbog.jnaasnet.dk\/wp-content\/uploads\/2020\/07\/image-40-1152x1536.png 1152w, https:\/\/rejsedagbog.jnaasnet.dk\/wp-content\/uploads\/2020\/07\/image-40-1536x2048.png 1536w, https:\/\/rejsedagbog.jnaasnet.dk\/wp-content\/uploads\/2020\/07\/image-40-1600x2133.png 1600w\" sizes=\"auto, (max-width: 768px) 100vw, 768px\" \/><\/figure>\n\n\n\n<figure class=\"wp-block-image size-large\"><img loading=\"lazy\" decoding=\"async\" width=\"485\" height=\"1024\" src=\"https:\/\/rejsedagbog.jnaasnet.dk\/wp-content\/uploads\/2020\/07\/image-35-485x1024.png\" alt=\"\" class=\"wp-image-85\" srcset=\"https:\/\/rejsedagbog.jnaasnet.dk\/wp-content\/uploads\/2020\/07\/image-35-485x1024.png 485w, https:\/\/rejsedagbog.jnaasnet.dk\/wp-content\/uploads\/2020\/07\/image-35-142x300.png 142w, https:\/\/rejsedagbog.jnaasnet.dk\/wp-content\/uploads\/2020\/07\/image-35-768x1621.png 768w, https:\/\/rejsedagbog.jnaasnet.dk\/wp-content\/uploads\/2020\/07\/image-35-728x1536.png 728w, https:\/\/rejsedagbog.jnaasnet.dk\/wp-content\/uploads\/2020\/07\/image-35-970x2048.png 970w, https:\/\/rejsedagbog.jnaasnet.dk\/wp-content\/uploads\/2020\/07\/image-35-1600x3377.png 1600w\" sizes=\"auto, (max-width: 485px) 100vw, 485px\" \/><\/figure>\n\n\n\n<figure class=\"wp-block-image size-large\"><img loading=\"lazy\" decoding=\"async\" width=\"769\" height=\"1024\" src=\"https:\/\/rejsedagbog.jnaasnet.dk\/wp-content\/uploads\/2020\/07\/image-32-769x1024.png\" alt=\"\" class=\"wp-image-82\" srcset=\"https:\/\/rejsedagbog.jnaasnet.dk\/wp-content\/uploads\/2020\/07\/image-32-769x1024.png 769w, https:\/\/rejsedagbog.jnaasnet.dk\/wp-content\/uploads\/2020\/07\/image-32-225x300.png 225w, https:\/\/rejsedagbog.jnaasnet.dk\/wp-content\/uploads\/2020\/07\/image-32-768x1022.png 768w, https:\/\/rejsedagbog.jnaasnet.dk\/wp-content\/uploads\/2020\/07\/image-32-1154x1536.png 1154w, https:\/\/rejsedagbog.jnaasnet.dk\/wp-content\/uploads\/2020\/07\/image-32-1539x2048.png 1539w, https:\/\/rejsedagbog.jnaasnet.dk\/wp-content\/uploads\/2020\/07\/image-32-1600x2130.png 1600w\" sizes=\"auto, (max-width: 769px) 100vw, 769px\" \/><\/figure>\n\n\n\n<p>Vi gik ad noget af gro\u00dfestra\u00dfe til Zeppelinerfeld hvor hitler har givet brandtaler og propaganga p\u00e5 den helt store klinge&#8230; Noget tyder p\u00e5 at det sidenhen har v\u00e6ret brugt til racerbane. Det begyndte at klare op.<\/p>\n\n\n\n<figure class=\"wp-block-image size-large\"><img loading=\"lazy\" decoding=\"async\" width=\"1024\" height=\"795\" src=\"https:\/\/rejsedagbog.jnaasnet.dk\/wp-content\/uploads\/2020\/07\/image-30-1024x795.png\" alt=\"' \u7528 I k \u4e00 \" class=\"wp-image-80\" srcset=\"https:\/\/rejsedagbog.jnaasnet.dk\/wp-content\/uploads\/2020\/07\/image-30-1024x795.png 1024w, https:\/\/rejsedagbog.jnaasnet.dk\/wp-content\/uploads\/2020\/07\/image-30-300x233.png 300w, https:\/\/rejsedagbog.jnaasnet.dk\/wp-content\/uploads\/2020\/07\/image-30-768x596.png 768w, https:\/\/rejsedagbog.jnaasnet.dk\/wp-content\/uploads\/2020\/07\/image-30-1536x1193.png 1536w, https:\/\/rejsedagbog.jnaasnet.dk\/wp-content\/uploads\/2020\/07\/image-30-2048x1590.png 2048w, https:\/\/rejsedagbog.jnaasnet.dk\/wp-content\/uploads\/2020\/07\/image-30-1600x1242.png 1600w\" sizes=\"auto, (max-width: 1024px) 100vw, 1024px\" \/><\/figure>\n\n\n\n<figure class=\"wp-block-image size-large\"><img loading=\"lazy\" decoding=\"async\" width=\"1024\" height=\"768\" src=\"https:\/\/rejsedagbog.jnaasnet.dk\/wp-content\/uploads\/2020\/07\/20200702_124954-1024x768.jpg\" alt=\"\" class=\"wp-image-194\" srcset=\"https:\/\/rejsedagbog.jnaasnet.dk\/wp-content\/uploads\/2020\/07\/20200702_124954-1024x768.jpg 1024w, https:\/\/rejsedagbog.jnaasnet.dk\/wp-content\/uploads\/2020\/07\/20200702_124954-300x225.jpg 300w, https:\/\/rejsedagbog.jnaasnet.dk\/wp-content\/uploads\/2020\/07\/20200702_124954-768x576.jpg 768w, https:\/\/rejsedagbog.jnaasnet.dk\/wp-content\/uploads\/2020\/07\/20200702_124954-1536x1152.jpg 1536w, https:\/\/rejsedagbog.jnaasnet.dk\/wp-content\/uploads\/2020\/07\/20200702_124954-2048x1536.jpg 2048w, https:\/\/rejsedagbog.jnaasnet.dk\/wp-content\/uploads\/2020\/07\/20200702_124954-1600x1200.jpg 1600w\" sizes=\"auto, (max-width: 1024px) 100vw, 1024px\" \/><\/figure>\n\n\n\n<figure class=\"wp-block-image size-large\"><img loading=\"lazy\" decoding=\"async\" width=\"768\" height=\"1024\" src=\"https:\/\/rejsedagbog.jnaasnet.dk\/wp-content\/uploads\/2020\/07\/image-42-768x1024.png\" alt=\"\" class=\"wp-image-92\" srcset=\"https:\/\/rejsedagbog.jnaasnet.dk\/wp-content\/uploads\/2020\/07\/image-42-768x1024.png 768w, https:\/\/rejsedagbog.jnaasnet.dk\/wp-content\/uploads\/2020\/07\/image-42-225x300.png 225w, https:\/\/rejsedagbog.jnaasnet.dk\/wp-content\/uploads\/2020\/07\/image-42-1152x1536.png 1152w, https:\/\/rejsedagbog.jnaasnet.dk\/wp-content\/uploads\/2020\/07\/image-42-1536x2048.png 1536w, https:\/\/rejsedagbog.jnaasnet.dk\/wp-content\/uploads\/2020\/07\/image-42-1600x2133.png 1600w\" sizes=\"auto, (max-width: 768px) 100vw, 768px\" \/><\/figure>\n\n\n\n<p>Efter vores historiske sightseeing var det klaret op og vi fandt en sandwich og lidt kage, og s\u00e5 skulle hvile f\u00f8dder inden vi vandrede ind til alt-stadt, for at kigge p\u00e5 butikker og finde aftensmad. P\u00e5 vejen kiggede vi ind i en evangelistisk-luthersk kirke, der var under renovering, men havde mange fine detaljer<\/p>\n\n\n\n<figure class=\"wp-block-image size-large\"><img loading=\"lazy\" decoding=\"async\" width=\"768\" height=\"1024\" src=\"https:\/\/rejsedagbog.jnaasnet.dk\/wp-content\/uploads\/2020\/07\/image-43-768x1024.png\" alt=\"SO DIE VOLL VOLKS WAR. \nHEN \u00d6DE. WIE LIEGEN DIE STEINE \nN ALLEN GASSEN ZERsTREUT. \nVON DER MAN SIE DIE \nER GANZE LAND \nHERUNTERGESTO\u00dfEN, HAT \nTR\u00d6STET. \nHERZ BETR\u00dcBT \nEWORDEN. \nWILLsT DU UNSER SO GAR VERGESSEN \nVERLASSEN? \nWIEDER ZU DIR, DASS WIR WIEDER \nUNSRE TAGE WIE VoN ALTERS. \nMEIN \nWILL DIE ST\u00c4DTE \nDIE TR\u00dcMMER \nVERWi5TETF LAW \nNACHDEM B VERHEERT \nVoR\u00dcBERZ06EN. \nVND MAN WIRD D\/E5 L, \nJETZT W\/FDER \nWAREN ZER5T\u00f6RT \u00e5DF m \nNvN FEsT VND \nHE5EKlEL \nDANN BAUEN SIE DIE URALTEN TR\u00dcMMER5TATrEN \nWIEDER AUF IJND RicHTEN DIE RUINEN IHRER Vok- \nFAHREN WIEDER HER. \nDIE VER\u00d6DETEN ST\u00c4DTE ERBAUTEN NEY, DIE RUI- \nNEN VERGANGENER GENERATIONEN. \nJEREMIA \" class=\"wp-image-93\" srcset=\"https:\/\/rejsedagbog.jnaasnet.dk\/wp-content\/uploads\/2020\/07\/image-43-768x1024.png 768w, https:\/\/rejsedagbog.jnaasnet.dk\/wp-content\/uploads\/2020\/07\/image-43-225x300.png 225w, https:\/\/rejsedagbog.jnaasnet.dk\/wp-content\/uploads\/2020\/07\/image-43-1152x1536.png 1152w, https:\/\/rejsedagbog.jnaasnet.dk\/wp-content\/uploads\/2020\/07\/image-43-1536x2048.png 1536w, https:\/\/rejsedagbog.jnaasnet.dk\/wp-content\/uploads\/2020\/07\/image-43-1600x2133.png 1600w\" sizes=\"auto, (max-width: 768px) 100vw, 768px\" \/><\/figure>\n\n\n\n<figure class=\"wp-block-image size-large\"><img loading=\"lazy\" decoding=\"async\" width=\"768\" height=\"1024\" src=\"https:\/\/rejsedagbog.jnaasnet.dk\/wp-content\/uploads\/2020\/07\/image-47-768x1024.png\" alt=\"\u3001 \u30fc \u306e \u4f4f \n\u8c4a \u95d8 \u76df \u306b \n\u30d8 \u4e00 \" class=\"wp-image-97\" srcset=\"https:\/\/rejsedagbog.jnaasnet.dk\/wp-content\/uploads\/2020\/07\/image-47-768x1024.png 768w, https:\/\/rejsedagbog.jnaasnet.dk\/wp-content\/uploads\/2020\/07\/image-47-225x300.png 225w, https:\/\/rejsedagbog.jnaasnet.dk\/wp-content\/uploads\/2020\/07\/image-47-1152x1536.png 1152w, https:\/\/rejsedagbog.jnaasnet.dk\/wp-content\/uploads\/2020\/07\/image-47-1536x2048.png 1536w, https:\/\/rejsedagbog.jnaasnet.dk\/wp-content\/uploads\/2020\/07\/image-47-1600x2133.png 1600w\" sizes=\"auto, (max-width: 768px) 100vw, 768px\" \/><\/figure>\n\n\n\n<p>Vi gik en tur op til slottet og kiggede ud over byen.<\/p>\n\n\n\n<figure class=\"wp-block-image size-large\"><img loading=\"lazy\" decoding=\"async\" width=\"1024\" height=\"485\" src=\"https:\/\/rejsedagbog.jnaasnet.dk\/wp-content\/uploads\/2020\/07\/20200702_184023-1024x485.jpg\" alt=\"\" class=\"wp-image-196\" srcset=\"https:\/\/rejsedagbog.jnaasnet.dk\/wp-content\/uploads\/2020\/07\/20200702_184023-1024x485.jpg 1024w, https:\/\/rejsedagbog.jnaasnet.dk\/wp-content\/uploads\/2020\/07\/20200702_184023-300x142.jpg 300w, https:\/\/rejsedagbog.jnaasnet.dk\/wp-content\/uploads\/2020\/07\/20200702_184023-768x364.jpg 768w, https:\/\/rejsedagbog.jnaasnet.dk\/wp-content\/uploads\/2020\/07\/20200702_184023-1536x728.jpg 1536w, https:\/\/rejsedagbog.jnaasnet.dk\/wp-content\/uploads\/2020\/07\/20200702_184023-2048x971.jpg 2048w, https:\/\/rejsedagbog.jnaasnet.dk\/wp-content\/uploads\/2020\/07\/20200702_184023-1600x758.jpg 1600w\" sizes=\"auto, (max-width: 1024px) 100vw, 1024px\" \/><\/figure>\n\n\n\n<p>I voldgraven l\u00e5 der kolonihaver<\/p>\n\n\n\n<figure class=\"wp-block-image size-large\"><img loading=\"lazy\" decoding=\"async\" width=\"768\" height=\"1024\" src=\"https:\/\/rejsedagbog.jnaasnet.dk\/wp-content\/uploads\/2020\/07\/image-51-768x1024.png\" alt=\"\u0644\u064a\u0629 \n\u0648\u0647 \n\u0648\u0648\u061f \u062f \u0625\u064a. \u0631\u0645\u062f\u062a\u0648. \" class=\"wp-image-101\" srcset=\"https:\/\/rejsedagbog.jnaasnet.dk\/wp-content\/uploads\/2020\/07\/image-51-768x1024.png 768w, https:\/\/rejsedagbog.jnaasnet.dk\/wp-content\/uploads\/2020\/07\/image-51-225x300.png 225w, https:\/\/rejsedagbog.jnaasnet.dk\/wp-content\/uploads\/2020\/07\/image-51-1152x1536.png 1152w, https:\/\/rejsedagbog.jnaasnet.dk\/wp-content\/uploads\/2020\/07\/image-51-1536x2048.png 1536w, https:\/\/rejsedagbog.jnaasnet.dk\/wp-content\/uploads\/2020\/07\/image-51-1600x2133.png 1600w\" sizes=\"auto, (max-width: 768px) 100vw, 768px\" \/><\/figure>\n\n\n\n<p>Vi fandt et lille sted, hvor vi fik et ordentlig skud Italien i form af p\u00f8lser, skinke, burrata mm. Meget l\u00e6kkert!<\/p>\n\n\n\n<figure class=\"wp-block-image size-large\"><img loading=\"lazy\" decoding=\"async\" width=\"768\" height=\"1024\" src=\"https:\/\/rejsedagbog.jnaasnet.dk\/wp-content\/uploads\/2020\/07\/image-49-768x1024.png\" alt=\"v Otpev\u00fc \nROSCIUTTEFIA \nAFFE E VINO E BIR \" class=\"wp-image-99\" srcset=\"https:\/\/rejsedagbog.jnaasnet.dk\/wp-content\/uploads\/2020\/07\/image-49-768x1024.png 768w, https:\/\/rejsedagbog.jnaasnet.dk\/wp-content\/uploads\/2020\/07\/image-49-225x300.png 225w, https:\/\/rejsedagbog.jnaasnet.dk\/wp-content\/uploads\/2020\/07\/image-49-1152x1536.png 1152w, https:\/\/rejsedagbog.jnaasnet.dk\/wp-content\/uploads\/2020\/07\/image-49-1536x2048.png 1536w, https:\/\/rejsedagbog.jnaasnet.dk\/wp-content\/uploads\/2020\/07\/image-49-1600x2133.png 1600w\" sizes=\"auto, (max-width: 768px) 100vw, 768px\" \/><\/figure>\n\n\n\n<div class=\"wp-block-columns is-layout-flex wp-container-core-columns-is-layout-9d6595d7 wp-block-columns-is-layout-flex\">\n<div class=\"wp-block-column is-layout-flow wp-block-column-is-layout-flow\">\n<p class=\"has-text-align-center\"><a href=\"https:\/\/rejsedagbog.jnaasnet.dk\/?page_id=40\">Tilbage<\/a><\/p>\n<\/div>\n\n\n\n<div class=\"wp-block-column is-layout-flow wp-block-column-is-layout-flow\">\n<p class=\"has-text-align-center\"><a href=\"https:\/\/rejsedagbog.jnaasnet.dk\/?page_id=110\">N\u00e6ste<\/a><\/p>\n<\/div>\n<\/div>\n","protected":false},"excerpt":{"rendered":"<p>Torsdag 2. juli 2020 For enden af vejen, hvor vi bor, ligger en Bio-Markt, hvor vi handlede morgenmad: Br\u00f8d, yoghurt,&hellip;<\/p>\n","protected":false},"author":3,"featured_media":0,"parent":25,"menu_order":3,"comment_status":"closed","ping_status":"closed","template":"","meta":{"footnotes":""},"class_list":["post-77","page","type-page","status-publish","hentry"],"_links":{"self":[{"href":"https:\/\/rejsedagbog.jnaasnet.dk\/index.php?rest_route=\/wp\/v2\/pages\/77","targetHints":{"allow":["GET"]}}],"collection":[{"href":"https:\/\/rejsedagbog.jnaasnet.dk\/index.php?rest_route=\/wp\/v2\/pages"}],"about":[{"href":"https:\/\/rejsedagbog.jnaasnet.dk\/index.php?rest_route=\/wp\/v2\/types\/page"}],"author":[{"embeddable":true,"href":"https:\/\/rejsedagbog.jnaasnet.dk\/index.php?rest_route=\/wp\/v2\/users\/3"}],"replies":[{"embeddable":true,"href":"https:\/\/rejsedagbog.jnaasnet.dk\/index.php?rest_route=%2Fwp%2Fv2%2Fcomments&post=77"}],"version-history":[{"count":8,"href":"https:\/\/rejsedagbog.jnaasnet.dk\/index.php?rest_route=\/wp\/v2\/pages\/77\/revisions"}],"predecessor-version":[{"id":306,"href":"https:\/\/rejsedagbog.jnaasnet.dk\/index.php?rest_route=\/wp\/v2\/pages\/77\/revisions\/306"}],"up":[{"embeddable":true,"href":"https:\/\/rejsedagbog.jnaasnet.dk\/index.php?rest_route=\/wp\/v2\/pages\/25"}],"wp:attachment":[{"href":"https:\/\/rejsedagbog.jnaasnet.dk\/index.php?rest_route=%2Fwp%2Fv2%2Fmedia&parent=77"}],"curies":[{"name":"wp","href":"https:\/\/api.w.org\/{rel}","templated":true}]}}