{"id":411,"date":"2020-07-14T00:33:34","date_gmt":"2020-07-13T22:33:34","guid":{"rendered":"https:\/\/rejsedagbog.jnaasnet.dk\/?page_id=411"},"modified":"2021-01-09T16:20:33","modified_gmt":"2021-01-09T15:20:33","slug":"dag-14-manderscheid-lieser-burg-eltz-koln","status":"publish","type":"page","link":"https:\/\/rejsedagbog.jnaasnet.dk\/?page_id=411","title":{"rendered":"Dag #14: Manderscheid &#8211; Lieser &#8211; Burg Eltz &#8211; K\u00f6ln"},"content":{"rendered":"\n<h4 class=\"wp-block-heading\">Mandag den 13. juli 2020<\/h4>\n\n\n\n<p>If\u00f8rt undertr\u00f8je, t-shirt, lang\u00e6rmet t-shirt, sweater, halst\u00f8rkl\u00e6de og Jonas\u2019 pyjamasbukser lagde Signe sig i soveposen aftenen forinden. Og det gik da ogs\u00e5 okay med at holde p\u00e5 varmen indtil ved 4-tiden, hvor fusserne var blevet iskolde. Der kom f\u00f8rst rigtig varme i dem efter et varmt bad, da vi var st\u00e5et op.<\/p>\n\n\n\n<p>Vi pakkede os og teltet sammen og k\u00f8rte videre ved 11-tiden. Ingen af os har den store erfaring med campingpladser, men vi syntes begge at denne fungerede rigtig fint, og der var rent og p\u00e6nt p\u00e5 toiletter og bad. N\u00e6ste gang tager vi nok bare en radiator med.<\/p>\n\n\n\n<p>Vi syntes ikke, at vi kunne forlade Mosel-omr\u00e5det uden at have unders\u00f8gt vinen lidt n\u00e6rmere. Vi k\u00f8rte derfor til Weingut Schlo\u00df Lieser, som l\u00e5 omgivet af en masse andre ving\u00e5rde, dog har denne weingut vundet utallige priser for sin vin. Her tog vi os tid til at smage flere af deres vine og \u00f8gede dermed ogs\u00e5 l\u00e6sset p\u00e5 Fiestaen.<\/p>\n\n\n\n<figure class=\"wp-block-image size-large\"><img loading=\"lazy\" decoding=\"async\" width=\"768\" height=\"1024\" src=\"https:\/\/rejsedagbog.jnaasnet.dk\/wp-content\/uploads\/2020\/07\/image-200-768x1024.png\" alt=\"\u30fc \u306b \u7269 \n0 \u7b2c \u3059 \" class=\"wp-image-422\" srcset=\"https:\/\/rejsedagbog.jnaasnet.dk\/wp-content\/uploads\/2020\/07\/image-200-768x1024.png 768w, https:\/\/rejsedagbog.jnaasnet.dk\/wp-content\/uploads\/2020\/07\/image-200-225x300.png 225w, https:\/\/rejsedagbog.jnaasnet.dk\/wp-content\/uploads\/2020\/07\/image-200-1152x1536.png 1152w, https:\/\/rejsedagbog.jnaasnet.dk\/wp-content\/uploads\/2020\/07\/image-200-1536x2048.png 1536w, https:\/\/rejsedagbog.jnaasnet.dk\/wp-content\/uploads\/2020\/07\/image-200-1600x2133.png 1600w\" sizes=\"auto, (max-width: 768px) 100vw, 768px\" \/><figcaption>Slottet er nu hotel<\/figcaption><\/figure>\n\n\n\n<figure class=\"wp-block-image size-large\"><img loading=\"lazy\" decoding=\"async\" width=\"1024\" height=\"576\" src=\"https:\/\/rejsedagbog.jnaasnet.dk\/wp-content\/uploads\/2020\/07\/image-196-1024x576.png\" alt=\"\u30f3 \u30a4 \n\u3001 \u30b4 \u3092 \u671d \u3092 4 \u7269 \n\u5f29 \u25a0 \u25a0 \u4e4b \n\u30cb \u7b2c \u3001 1 \u306a \u7269 \u3043 \n~ \u30fc \u306a \u7f78 \u5fc3 \u30fc \u307f \" class=\"wp-image-416\" srcset=\"https:\/\/rejsedagbog.jnaasnet.dk\/wp-content\/uploads\/2020\/07\/image-196-1024x576.png 1024w, https:\/\/rejsedagbog.jnaasnet.dk\/wp-content\/uploads\/2020\/07\/image-196-300x169.png 300w, https:\/\/rejsedagbog.jnaasnet.dk\/wp-content\/uploads\/2020\/07\/image-196-768x432.png 768w, https:\/\/rejsedagbog.jnaasnet.dk\/wp-content\/uploads\/2020\/07\/image-196-1536x864.png 1536w, https:\/\/rejsedagbog.jnaasnet.dk\/wp-content\/uploads\/2020\/07\/image-196-2048x1152.png 2048w, https:\/\/rejsedagbog.jnaasnet.dk\/wp-content\/uploads\/2020\/07\/image-196-1600x900.png 1600w\" sizes=\"auto, (max-width: 1024px) 100vw, 1024px\" \/><\/figure>\n\n\n\n<figure class=\"wp-block-image size-large\"><img loading=\"lazy\" decoding=\"async\" width=\"768\" height=\"1024\" src=\"https:\/\/rejsedagbog.jnaasnet.dk\/wp-content\/uploads\/2020\/07\/image-201-768x1024.png\" alt=\"\" class=\"wp-image-423\" srcset=\"https:\/\/rejsedagbog.jnaasnet.dk\/wp-content\/uploads\/2020\/07\/image-201-768x1024.png 768w, https:\/\/rejsedagbog.jnaasnet.dk\/wp-content\/uploads\/2020\/07\/image-201-225x300.png 225w, https:\/\/rejsedagbog.jnaasnet.dk\/wp-content\/uploads\/2020\/07\/image-201-1152x1536.png 1152w, https:\/\/rejsedagbog.jnaasnet.dk\/wp-content\/uploads\/2020\/07\/image-201-1536x2048.png 1536w, https:\/\/rejsedagbog.jnaasnet.dk\/wp-content\/uploads\/2020\/07\/image-201-1600x2133.png 1600w\" sizes=\"auto, (max-width: 768px) 100vw, 768px\" \/><\/figure>\n\n\n\n<p>Nu gik turen til Burg Eltz, som Jonas p\u00e5st\u00e5r bliver sidste borg\/slot p\u00e5 turen (men mon ikke der sniger sig et enkelt eller to mere ind).<\/p>\n\n\n\n<p>Signe fik sig en lur p\u00e5 vejen, som var tiltr\u00e6ngt, men hun var lidt ked af at g\u00e5 glip af det sidste stykke langs med Mosel-floden.<\/p>\n\n\n\n<p>Vi var ved Burg Eltz omkring kl. 15, og ganske uvant gik turen mod slottet ned ad bakke! (G\u00e6t hvilken vej det gik p\u00e5 vejen tilbage\ud83e\udd75)<\/p>\n\n\n\n<figure class=\"wp-block-image size-large\"><img loading=\"lazy\" decoding=\"async\" width=\"768\" height=\"1024\" src=\"https:\/\/rejsedagbog.jnaasnet.dk\/wp-content\/uploads\/2020\/07\/image-202-768x1024.png\" alt=\"\" class=\"wp-image-424\" srcset=\"https:\/\/rejsedagbog.jnaasnet.dk\/wp-content\/uploads\/2020\/07\/image-202-768x1024.png 768w, https:\/\/rejsedagbog.jnaasnet.dk\/wp-content\/uploads\/2020\/07\/image-202-225x300.png 225w, https:\/\/rejsedagbog.jnaasnet.dk\/wp-content\/uploads\/2020\/07\/image-202-1152x1536.png 1152w, https:\/\/rejsedagbog.jnaasnet.dk\/wp-content\/uploads\/2020\/07\/image-202-1536x2048.png 1536w, https:\/\/rejsedagbog.jnaasnet.dk\/wp-content\/uploads\/2020\/07\/image-202-1600x2133.png 1600w\" sizes=\"auto, (max-width: 768px) 100vw, 768px\" \/><\/figure>\n\n\n\n<figure class=\"wp-block-image size-large\"><img loading=\"lazy\" decoding=\"async\" width=\"768\" height=\"1024\" src=\"https:\/\/rejsedagbog.jnaasnet.dk\/wp-content\/uploads\/2020\/07\/image-193-768x1024.png\" alt=\"\" class=\"wp-image-413\" srcset=\"https:\/\/rejsedagbog.jnaasnet.dk\/wp-content\/uploads\/2020\/07\/image-193-768x1024.png 768w, https:\/\/rejsedagbog.jnaasnet.dk\/wp-content\/uploads\/2020\/07\/image-193-225x300.png 225w, https:\/\/rejsedagbog.jnaasnet.dk\/wp-content\/uploads\/2020\/07\/image-193-1152x1536.png 1152w, https:\/\/rejsedagbog.jnaasnet.dk\/wp-content\/uploads\/2020\/07\/image-193-1536x2048.png 1536w, https:\/\/rejsedagbog.jnaasnet.dk\/wp-content\/uploads\/2020\/07\/image-193-1600x2133.png 1600w\" sizes=\"auto, (max-width: 768px) 100vw, 768px\" \/><\/figure>\n\n\n\n<p>Vi lagde ud med at unders\u00f8ge, hvilken kage de kunne byde p\u00e5, men opdagede at de serverede currywurst mit pommes. Det havde vi endnu ikke f\u00e5et og benyttede os af muligheden.<\/p>\n\n\n\n<figure class=\"wp-block-image size-large\"><img loading=\"lazy\" decoding=\"async\" width=\"768\" height=\"1024\" src=\"https:\/\/rejsedagbog.jnaasnet.dk\/wp-content\/uploads\/2020\/07\/image-197-768x1024.png\" alt=\"\" class=\"wp-image-417\" srcset=\"https:\/\/rejsedagbog.jnaasnet.dk\/wp-content\/uploads\/2020\/07\/image-197-768x1024.png 768w, https:\/\/rejsedagbog.jnaasnet.dk\/wp-content\/uploads\/2020\/07\/image-197-225x300.png 225w, https:\/\/rejsedagbog.jnaasnet.dk\/wp-content\/uploads\/2020\/07\/image-197-1152x1536.png 1152w, https:\/\/rejsedagbog.jnaasnet.dk\/wp-content\/uploads\/2020\/07\/image-197-1536x2048.png 1536w, https:\/\/rejsedagbog.jnaasnet.dk\/wp-content\/uploads\/2020\/07\/image-197-1600x2133.png 1600w\" sizes=\"auto, (max-width: 768px) 100vw, 768px\" \/><\/figure>\n\n\n\n<p>Med fyldte maver gik vi p\u00e5 opdagelse p\u00e5 borgen, som i mods\u00e6tning til mange andre borge, som sagt, ligger nede i en dal.<\/p>\n\n\n\n<p>Den har dog ligget p\u00e5 en romersk handelsrute, s\u00e5 lidt mening med galskaben er der da.<\/p>\n\n\n\n<p><a href=\"https:\/\/burg-eltz.de\/en\/\">Burg Eltz<\/a> kan dateres n\u00e6sten 1000 \u00e5r tilbage og er stadig i den oprindelige families eje &#8211; nu p\u00e5 33. generation &#8211; som stadig bruger den privat.<\/p>\n\n\n\n<p>Med entr\u00e9en fulgte en guidet tur rundt i godt 10 af borgens 80 rum. Flere genstande kunne vi genkende fra de andre ture. Der er ingen tvivl om, at der er lagt mere v\u00e6gt p\u00e5 det religi\u00f8se p\u00e5 Burg Eltz end p\u00e5 eksempelvis Lichtenstein (hvor de havde k\u00e6mpe champagneglas og det st\u00f8rste var 1,93 meter h\u00f8jt). Derudover s\u00e5 det ogs\u00e5 ud til at v\u00e6re endnu mere formuende. Turen p\u00e5 borgen sluttede med et kig i skatkammeret, som var meget imponerende og vidnede om og understregede at der er tale om en ret velhavende familie igennem MANGE generationer.<\/p>\n\n\n\n<p>En anden ret spektakul\u00e6r ting omkring Burg Eltz er at familien via \u00f8konomisk indflydelse og politisk t\u00e6ft i vid udstr\u00e6kning har form\u00e5et at holde konflikter p\u00e5 afstand, og kun 1 gang i historien har v\u00e6ret belejret af biskoppen af Trier, en belejring der efter 2 \u00e5r gik i sig selv, hvorfor det som et af de eneste slotte\/borge i regionen aldrig har v\u00e6ret udsat for \u00f8del\u00e6ggelse og plyndringer, og fremst\u00e5r derfor intakt &#8211; der har dog v\u00e6ret omfattende renovationer undervejs, s\u00e5dan en bygning passer \u00e5benbart ikke bare sig selv, der skal bygnings-botox til en gang imellem(det er \u00e5benbart ret dyrt s\u00e5dan noget).<\/p>\n\n\n\n<figure class=\"wp-block-image size-large\"><img loading=\"lazy\" decoding=\"async\" width=\"768\" height=\"1024\" src=\"https:\/\/rejsedagbog.jnaasnet.dk\/wp-content\/uploads\/2020\/07\/image-199-768x1024.png\" alt=\"\" class=\"wp-image-421\" srcset=\"https:\/\/rejsedagbog.jnaasnet.dk\/wp-content\/uploads\/2020\/07\/image-199-768x1024.png 768w, https:\/\/rejsedagbog.jnaasnet.dk\/wp-content\/uploads\/2020\/07\/image-199-225x300.png 225w, https:\/\/rejsedagbog.jnaasnet.dk\/wp-content\/uploads\/2020\/07\/image-199-1152x1536.png 1152w, https:\/\/rejsedagbog.jnaasnet.dk\/wp-content\/uploads\/2020\/07\/image-199-1536x2048.png 1536w, https:\/\/rejsedagbog.jnaasnet.dk\/wp-content\/uploads\/2020\/07\/image-199-1600x2133.png 1600w\" sizes=\"auto, (max-width: 768px) 100vw, 768px\" \/><\/figure>\n\n\n\n<p>Nu gik turen op, op, op til bilen og videre til K\u00f6ln. Landskabet har nu igen \u00e6ndret sig og ligner mere noget vi ogs\u00e5 kan se derhjemme. Det vil sige at afgr\u00f8derne p\u00e5 markerne nu i h\u00f8jere grad er korn og majs.<\/p>\n\n\n\n<p>Vi landede i K\u00f6ln kl. 19.30 og fik sl\u00e6bt pakkenellikerne op p\u00e5 v\u00e6relset. Umiddelbart efter gik vi en tur til den gamle bydel.<\/p>\n\n\n\n<p>Vi fik \u00f8je p\u00e5 to af domkirkens t\u00e5rne og var n\u00e6r faldet bagover, da vi s\u00e5 hele bygningen i al sin pragt. Wow, den er vild!<\/p>\n\n\n\n<p>Lige skr\u00e5t overfor ligger der en knap s\u00e5 stor kirke, som, hvis den havde ligget i en mindre by eller bare ikke lige ved siden af, havde virket imponerende. Den falmer lidt ved siden af og det g\u00f8r Duomoen i Milano alts\u00e5 ogs\u00e5 lidt.<\/p>\n\n\n\n<figure class=\"wp-block-image size-large\"><img loading=\"lazy\" decoding=\"async\" width=\"768\" height=\"1024\" src=\"https:\/\/rejsedagbog.jnaasnet.dk\/wp-content\/uploads\/2020\/07\/image-198-768x1024.png\" alt=\"\" class=\"wp-image-420\" srcset=\"https:\/\/rejsedagbog.jnaasnet.dk\/wp-content\/uploads\/2020\/07\/image-198-768x1024.png 768w, https:\/\/rejsedagbog.jnaasnet.dk\/wp-content\/uploads\/2020\/07\/image-198-225x300.png 225w, https:\/\/rejsedagbog.jnaasnet.dk\/wp-content\/uploads\/2020\/07\/image-198-1152x1536.png 1152w, https:\/\/rejsedagbog.jnaasnet.dk\/wp-content\/uploads\/2020\/07\/image-198-1536x2048.png 1536w, https:\/\/rejsedagbog.jnaasnet.dk\/wp-content\/uploads\/2020\/07\/image-198-1600x2133.png 1600w\" sizes=\"auto, (max-width: 768px) 100vw, 768px\" \/><\/figure>\n\n\n\n<figure class=\"wp-block-image size-large\"><img loading=\"lazy\" decoding=\"async\" width=\"485\" height=\"1024\" src=\"https:\/\/rejsedagbog.jnaasnet.dk\/wp-content\/uploads\/2020\/07\/image-194-485x1024.png\" alt=\"\" class=\"wp-image-414\" srcset=\"https:\/\/rejsedagbog.jnaasnet.dk\/wp-content\/uploads\/2020\/07\/image-194-485x1024.png 485w, https:\/\/rejsedagbog.jnaasnet.dk\/wp-content\/uploads\/2020\/07\/image-194-142x300.png 142w, https:\/\/rejsedagbog.jnaasnet.dk\/wp-content\/uploads\/2020\/07\/image-194-768x1620.png 768w, https:\/\/rejsedagbog.jnaasnet.dk\/wp-content\/uploads\/2020\/07\/image-194-728x1536.png 728w, https:\/\/rejsedagbog.jnaasnet.dk\/wp-content\/uploads\/2020\/07\/image-194-971x2048.png 971w, https:\/\/rejsedagbog.jnaasnet.dk\/wp-content\/uploads\/2020\/07\/image-194-1600x3375.png 1600w\" sizes=\"auto, (max-width: 485px) 100vw, 485px\" \/><\/figure>\n\n\n\n<p>Vi fandt en lille restaurant, der serverede tapas. Det var n\u00e6sten som at v\u00e6re i Spanien, s\u00e5 det lod vi et \u00f8jeblik, som om vi var.<\/p>\n\n\n\n<figure class=\"wp-block-image size-large\"><img loading=\"lazy\" decoding=\"async\" width=\"1920\" height=\"2560\" src=\"https:\/\/rejsedagbog.jnaasnet.dk\/wp-content\/uploads\/2020\/07\/img_3100-scaled.jpg\" alt=\"\" class=\"wp-image-446\" srcset=\"https:\/\/rejsedagbog.jnaasnet.dk\/wp-content\/uploads\/2020\/07\/img_3100-scaled.jpg 1920w, https:\/\/rejsedagbog.jnaasnet.dk\/wp-content\/uploads\/2020\/07\/img_3100-225x300.jpg 225w, https:\/\/rejsedagbog.jnaasnet.dk\/wp-content\/uploads\/2020\/07\/img_3100-768x1024.jpg 768w, https:\/\/rejsedagbog.jnaasnet.dk\/wp-content\/uploads\/2020\/07\/img_3100-1152x1536.jpg 1152w, https:\/\/rejsedagbog.jnaasnet.dk\/wp-content\/uploads\/2020\/07\/img_3100-1536x2048.jpg 1536w, https:\/\/rejsedagbog.jnaasnet.dk\/wp-content\/uploads\/2020\/07\/img_3100-1600x2133.jpg 1600w\" sizes=\"auto, (max-width: 1920px) 100vw, 1920px\" \/><\/figure>\n\n\n\n<figure class=\"wp-block-image size-large\"><img loading=\"lazy\" decoding=\"async\" width=\"1920\" height=\"2560\" src=\"https:\/\/rejsedagbog.jnaasnet.dk\/wp-content\/uploads\/2021\/01\/img_3681-scaled.jpg\" alt=\"\" class=\"wp-image-555\" srcset=\"https:\/\/rejsedagbog.jnaasnet.dk\/wp-content\/uploads\/2021\/01\/img_3681-scaled.jpg 1920w, https:\/\/rejsedagbog.jnaasnet.dk\/wp-content\/uploads\/2021\/01\/img_3681-225x300.jpg 225w, https:\/\/rejsedagbog.jnaasnet.dk\/wp-content\/uploads\/2021\/01\/img_3681-768x1024.jpg 768w, https:\/\/rejsedagbog.jnaasnet.dk\/wp-content\/uploads\/2021\/01\/img_3681-1152x1536.jpg 1152w, https:\/\/rejsedagbog.jnaasnet.dk\/wp-content\/uploads\/2021\/01\/img_3681-1536x2048.jpg 1536w, https:\/\/rejsedagbog.jnaasnet.dk\/wp-content\/uploads\/2021\/01\/img_3681-1600x2133.jpg 1600w\" sizes=\"auto, (max-width: 1920px) 100vw, 1920px\" \/><\/figure>\n\n\n\n<p>Vi blev enige om, at vi er n\u00f8dt til at prioritere at se domkirken.<\/p>\n\n\n\n<p>Imens vi spiste talte vi om vores tur og Jonas er allerede ved at planl\u00e6gge den n\u00e6ste k\u00f8referie. St\u00e5r det til Signe, bliver det f\u00f8rst om et par \u00e5r, men s\u00e5 har vi ogs\u00e5 lidt vi kan forhandle om, n\u00e5r vi kommer hjem.<\/p>\n\n\n\n<p>Som en slags forevaluering (den ene af os er jo RUC&#8217;er og arbejder i en politisk ledet organisation) er vi kommet frem til, at vi synes, at naturen i Vesttyskland (ca. fra Schwarzwald) er v\u00e6sentlig mere interessant end i \u00f8st. Det g\u00f8r det bare sjovere at k\u00f8re &#8211; som tidligere n\u00e6vnt var Signe lidt \u00e6rgelig over at v\u00e6re g\u00e5et glip af 2. runde langs Moselfloden, da den og Rhinen er et smukt-med-smukt-p\u00e5 landskab at k\u00f8re igennem.<\/p>\n\n\n\n<p>Da vi sad der og n\u00e6sten var i Spanien, talte vi ogs\u00e5 om, at vi har f\u00e5et flere positive beskeder de sidste dage fra venner, familie og bekendte, der f\u00f8lger med. Hvor er det dejligt, at I har lyst til at l\u00e6se med! Det er vi glade for!<\/p>\n\n\n\n<figure class=\"wp-block-image size-large\"><img loading=\"lazy\" decoding=\"async\" width=\"511\" height=\"1024\" src=\"https:\/\/rejsedagbog.jnaasnet.dk\/wp-content\/uploads\/2020\/07\/image-192-511x1024.png\" alt=\"Leverkusen{ \nBergisch \n\u201eFrechen \n*Kerpen \n555 \n53 \n*Erftstadt \nMu\u00e9h \n*'Troi\u00e9dorf \nYI-lenne'J \n* Bonn \n\u2022u :565J \nEuskirchems \n'Rheinbach \nMechernich \nNeuenahr-Ahrweiler, \n'N\u00e9UW \nM\u00e9n\u00dfi\u00e5 \n48 \nMayen \nN\u00fccbu\u00f6g \nNillesheim \nDGerol\u00e9tein \n48 \nDadn \n'iCochem \nWi \nurg \nTraben-Trarbach \nstel-Kues \" class=\"wp-image-412\" srcset=\"https:\/\/rejsedagbog.jnaasnet.dk\/wp-content\/uploads\/2020\/07\/image-192-511x1024.png 511w, https:\/\/rejsedagbog.jnaasnet.dk\/wp-content\/uploads\/2020\/07\/image-192-150x300.png 150w, https:\/\/rejsedagbog.jnaasnet.dk\/wp-content\/uploads\/2020\/07\/image-192-768x1540.png 768w, https:\/\/rejsedagbog.jnaasnet.dk\/wp-content\/uploads\/2020\/07\/image-192-766x1536.png 766w, https:\/\/rejsedagbog.jnaasnet.dk\/wp-content\/uploads\/2020\/07\/image-192-1022x2048.png 1022w, https:\/\/rejsedagbog.jnaasnet.dk\/wp-content\/uploads\/2020\/07\/image-192.png 1080w\" sizes=\"auto, (max-width: 511px) 100vw, 511px\" \/><figcaption>Dagens etape<\/figcaption><\/figure>\n\n\n\n<div class=\"wp-block-columns is-layout-flex wp-container-core-columns-is-layout-9d6595d7 wp-block-columns-is-layout-flex\">\n<div class=\"wp-block-column is-layout-flow wp-block-column-is-layout-flow\">\n<p class=\"has-text-align-center\"><a href=\"https:\/\/rejsedagbog.jnaasnet.dk\/?page_id=382\">Tilbage<\/a><\/p>\n<\/div>\n\n\n\n<div class=\"wp-block-column is-layout-flow wp-block-column-is-layout-flow\">\n<p class=\"has-text-align-center\"><a href=\"https:\/\/rejsedagbog.jnaasnet.dk\/?page_id=448\">N\u00e6ste<\/a><\/p>\n<\/div>\n<\/div>\n\n\n\n<p><\/p>\n","protected":false},"excerpt":{"rendered":"<p>Mandag den 13. juli 2020 If\u00f8rt undertr\u00f8je, t-shirt, lang\u00e6rmet t-shirt, sweater, halst\u00f8rkl\u00e6de og Jonas\u2019 pyjamasbukser lagde Signe sig i soveposen&hellip;<\/p>\n","protected":false},"author":3,"featured_media":0,"parent":25,"menu_order":14,"comment_status":"closed","ping_status":"closed","template":"","meta":{"footnotes":""},"class_list":["post-411","page","type-page","status-publish","hentry"],"_links":{"self":[{"href":"https:\/\/rejsedagbog.jnaasnet.dk\/index.php?rest_route=\/wp\/v2\/pages\/411","targetHints":{"allow":["GET"]}}],"collection":[{"href":"https:\/\/rejsedagbog.jnaasnet.dk\/index.php?rest_route=\/wp\/v2\/pages"}],"about":[{"href":"https:\/\/rejsedagbog.jnaasnet.dk\/index.php?rest_route=\/wp\/v2\/types\/page"}],"author":[{"embeddable":true,"href":"https:\/\/rejsedagbog.jnaasnet.dk\/index.php?rest_route=\/wp\/v2\/users\/3"}],"replies":[{"embeddable":true,"href":"https:\/\/rejsedagbog.jnaasnet.dk\/index.php?rest_route=%2Fwp%2Fv2%2Fcomments&post=411"}],"version-history":[{"count":8,"href":"https:\/\/rejsedagbog.jnaasnet.dk\/index.php?rest_route=\/wp\/v2\/pages\/411\/revisions"}],"predecessor-version":[{"id":556,"href":"https:\/\/rejsedagbog.jnaasnet.dk\/index.php?rest_route=\/wp\/v2\/pages\/411\/revisions\/556"}],"up":[{"embeddable":true,"href":"https:\/\/rejsedagbog.jnaasnet.dk\/index.php?rest_route=\/wp\/v2\/pages\/25"}],"wp:attachment":[{"href":"https:\/\/rejsedagbog.jnaasnet.dk\/index.php?rest_route=%2Fwp%2Fv2%2Fmedia&parent=411"}],"curies":[{"name":"wp","href":"https:\/\/api.w.org\/{rel}","templated":true}]}}