{"id":341,"date":"2020-07-12T22:02:32","date_gmt":"2020-07-12T20:02:32","guid":{"rendered":"https:\/\/rejsedagbog.jnaasnet.dk\/?page_id=341"},"modified":"2020-10-20T21:18:40","modified_gmt":"2020-10-20T19:18:40","slug":"dag-12-heidelberg-cocham-eifel-manderschied","status":"publish","type":"page","link":"https:\/\/rejsedagbog.jnaasnet.dk\/?page_id=341","title":{"rendered":"Dag #12: Heidelberg &#8211; Cocham &#8211; Eifel\/Manderscheid"},"content":{"rendered":"\n<h4 class=\"wp-block-heading\">L\u00f8rdag den 11. juli 2020<\/h4>\n\n\n\n<p>Det tog lidt l\u00e6ngere tid at pakke sammen end de andre gange. Det kan ikke afvises at noget af det skyldtes at der skulle findes plads til de ekstra indk\u00f8b, og at Fiestaen nu skal tr\u00e6kke et par ekstra kilo glas og v\u00e6ske.<\/p>\n\n\n\n<p>D\u00e6kkene skulle lige have et skud luft.<\/p>\n\n\n\n<p>Vi k\u00f8rer stadig mod vest, men vender ogs\u00e5 s\u00e5 sm\u00e5t snuden mod nord. P\u00e5 vejen skulle vi ogs\u00e5 lige forbi g\u00e5rdbutikken med hindb\u00e6r, hvor vi var i forg\u00e5rs. Desv\u00e6rre var der ikke hindb\u00e6r i dag, s\u00e5 det blev til k\u00f8re-bl\u00e5b\u00e6r i stedet. Og heldigvis var der ogs\u00e5 abrikoser\ud83d\ude0b<\/p>\n\n\n\n<p>Klokken var derfor ogs\u00e5 blevet godt op ad formiddagen inden vi ramte motorvejen.<\/p>\n\n\n\n<p>P\u00e5 et tidspunkt n\u00e5ede vi til Rhinen, hvor vi holdt ind til siden for at spise vores frokost ud til den store flod.<\/p>\n\n\n\n<figure class=\"wp-block-image size-large\"><img loading=\"lazy\" decoding=\"async\" width=\"768\" height=\"1024\" src=\"https:\/\/rejsedagbog.jnaasnet.dk\/wp-content\/uploads\/2020\/07\/image-156-768x1024.png\" alt=\"\" class=\"wp-image-347\" srcset=\"https:\/\/rejsedagbog.jnaasnet.dk\/wp-content\/uploads\/2020\/07\/image-156-768x1024.png 768w, https:\/\/rejsedagbog.jnaasnet.dk\/wp-content\/uploads\/2020\/07\/image-156-225x300.png 225w, https:\/\/rejsedagbog.jnaasnet.dk\/wp-content\/uploads\/2020\/07\/image-156-1152x1536.png 1152w, https:\/\/rejsedagbog.jnaasnet.dk\/wp-content\/uploads\/2020\/07\/image-156-1536x2048.png 1536w, https:\/\/rejsedagbog.jnaasnet.dk\/wp-content\/uploads\/2020\/07\/image-156-1600x2133.png 1600w\" sizes=\"auto, (max-width: 768px) 100vw, 768px\" \/><\/figure>\n\n\n\n<figure class=\"wp-block-image size-large\"><img loading=\"lazy\" decoding=\"async\" width=\"768\" height=\"1024\" src=\"https:\/\/rejsedagbog.jnaasnet.dk\/wp-content\/uploads\/2020\/07\/image-162-768x1024.png\" alt=\"\" class=\"wp-image-354\" srcset=\"https:\/\/rejsedagbog.jnaasnet.dk\/wp-content\/uploads\/2020\/07\/image-162-768x1024.png 768w, https:\/\/rejsedagbog.jnaasnet.dk\/wp-content\/uploads\/2020\/07\/image-162-225x300.png 225w, https:\/\/rejsedagbog.jnaasnet.dk\/wp-content\/uploads\/2020\/07\/image-162-1152x1536.png 1152w, https:\/\/rejsedagbog.jnaasnet.dk\/wp-content\/uploads\/2020\/07\/image-162-1536x2048.png 1536w, https:\/\/rejsedagbog.jnaasnet.dk\/wp-content\/uploads\/2020\/07\/image-162-1600x2133.png 1600w\" sizes=\"auto, (max-width: 768px) 100vw, 768px\" \/><\/figure>\n\n\n\n<p>Herfra k\u00f8rte vi midt i det smukkeste landskab med floden p\u00e5 vores venstre side.<\/p>\n\n\n\n<p>Den ene borg (\/slot) efter den anden viste sig p\u00e5 toppen af bjergene p\u00e5 begge sider af vandet og vinen stod i snorlige r\u00e6kker b\u00e5de langs med og op ad skr\u00e6nterne.<\/p>\n\n\n\n<p>Der er ret imponerende at man langs med Rhinen og Mosel har drysset slotte og borge ud over landskabet p\u00e5 samme m\u00e5de som vi i Danmark h\u00e6lder krymmel p\u00e5 softice.<\/p>\n\n\n\n<p>Men det viser ogs\u00e5 at det historisk set har v\u00e6ret en meget rig region og en vigtig handelsrute hvor man har v\u00e6ret i stand til at opkr\u00e6ve ikke uv\u00e6sentlige m\u00e6ngder told og skatter fra dem der fragtede varer op og ned af floderne.<\/p>\n\n\n\n<figure class=\"wp-block-image size-large\"><img loading=\"lazy\" decoding=\"async\" width=\"768\" height=\"1024\" src=\"https:\/\/rejsedagbog.jnaasnet.dk\/wp-content\/uploads\/2020\/07\/image-159-768x1024.png\" alt=\"\" class=\"wp-image-350\" srcset=\"https:\/\/rejsedagbog.jnaasnet.dk\/wp-content\/uploads\/2020\/07\/image-159-768x1024.png 768w, https:\/\/rejsedagbog.jnaasnet.dk\/wp-content\/uploads\/2020\/07\/image-159-225x300.png 225w, https:\/\/rejsedagbog.jnaasnet.dk\/wp-content\/uploads\/2020\/07\/image-159-1152x1536.png 1152w, https:\/\/rejsedagbog.jnaasnet.dk\/wp-content\/uploads\/2020\/07\/image-159-1536x2048.png 1536w, https:\/\/rejsedagbog.jnaasnet.dk\/wp-content\/uploads\/2020\/07\/image-159-1600x2133.png 1600w\" sizes=\"auto, (max-width: 768px) 100vw, 768px\" \/><\/figure>\n\n\n\n<figure class=\"wp-block-image size-large\"><img loading=\"lazy\" decoding=\"async\" width=\"768\" height=\"1024\" src=\"https:\/\/rejsedagbog.jnaasnet.dk\/wp-content\/uploads\/2020\/07\/image-161-768x1024.png\" alt=\"\" class=\"wp-image-353\" srcset=\"https:\/\/rejsedagbog.jnaasnet.dk\/wp-content\/uploads\/2020\/07\/image-161-768x1024.png 768w, https:\/\/rejsedagbog.jnaasnet.dk\/wp-content\/uploads\/2020\/07\/image-161-225x300.png 225w, https:\/\/rejsedagbog.jnaasnet.dk\/wp-content\/uploads\/2020\/07\/image-161-1152x1536.png 1152w, https:\/\/rejsedagbog.jnaasnet.dk\/wp-content\/uploads\/2020\/07\/image-161-1536x2048.png 1536w, https:\/\/rejsedagbog.jnaasnet.dk\/wp-content\/uploads\/2020\/07\/image-161-1600x2133.png 1600w\" sizes=\"auto, (max-width: 768px) 100vw, 768px\" \/><figcaption>Vin, vin, vin<\/figcaption><\/figure>\n\n\n\n<figure class=\"wp-block-image size-large\"><img loading=\"lazy\" decoding=\"async\" width=\"768\" height=\"1024\" src=\"https:\/\/rejsedagbog.jnaasnet.dk\/wp-content\/uploads\/2020\/07\/image-173-768x1024.png\" alt=\"\" class=\"wp-image-366\" srcset=\"https:\/\/rejsedagbog.jnaasnet.dk\/wp-content\/uploads\/2020\/07\/image-173-768x1024.png 768w, https:\/\/rejsedagbog.jnaasnet.dk\/wp-content\/uploads\/2020\/07\/image-173-225x300.png 225w, https:\/\/rejsedagbog.jnaasnet.dk\/wp-content\/uploads\/2020\/07\/image-173-1152x1536.png 1152w, https:\/\/rejsedagbog.jnaasnet.dk\/wp-content\/uploads\/2020\/07\/image-173-1536x2048.png 1536w, https:\/\/rejsedagbog.jnaasnet.dk\/wp-content\/uploads\/2020\/07\/image-173-1600x2133.png 1600w\" sizes=\"auto, (max-width: 768px) 100vw, 768px\" \/><figcaption>Vin, vin, vin<\/figcaption><\/figure>\n\n\n\n<figure class=\"wp-block-image size-large\"><img loading=\"lazy\" decoding=\"async\" width=\"768\" height=\"1024\" src=\"https:\/\/rejsedagbog.jnaasnet.dk\/wp-content\/uploads\/2020\/07\/image-174-768x1024.png\" alt=\"LCL \" class=\"wp-image-367\" srcset=\"https:\/\/rejsedagbog.jnaasnet.dk\/wp-content\/uploads\/2020\/07\/image-174-768x1024.png 768w, https:\/\/rejsedagbog.jnaasnet.dk\/wp-content\/uploads\/2020\/07\/image-174-225x300.png 225w, https:\/\/rejsedagbog.jnaasnet.dk\/wp-content\/uploads\/2020\/07\/image-174-1152x1536.png 1152w, https:\/\/rejsedagbog.jnaasnet.dk\/wp-content\/uploads\/2020\/07\/image-174-1536x2048.png 1536w, https:\/\/rejsedagbog.jnaasnet.dk\/wp-content\/uploads\/2020\/07\/image-174-1600x2133.png 1600w\" sizes=\"auto, (max-width: 768px) 100vw, 768px\" \/><figcaption>Borg, flod og vin, vin, vin<\/figcaption><\/figure>\n\n\n\n<p>N\u00e6ste stop var (I g\u00e6tter det aldrig) et slot &#8211; nemlig Reichburg Cochem.<\/p>\n\n\n\n<p>Google Maps ledte os lidt p\u00e5 afveje, da den ville have os til at k\u00f8re op ad den menneskefyldte g\u00e5gade. Vi fandt i stedet parkering og gik op, op, op efter at v\u00e6re g\u00e5et igennem et st\u00f8rre menneskemylder og en ret turistet by (lidt som de meget turistede charterbyer).<\/p>\n\n\n\n<p>Da vi n\u00e5ede op til slottet var der en time til den n\u00e6ste guidede tur. Ventetiden slog vi ihjel med en \u00f8l og en kage og en tur rundt i slotsg\u00e5rden p\u00e5 egen h\u00e5nd. Kage er i \u00f8vrigt noget de ret godt kan finde ud af i Tyskland. Det giver pludselig mening hvorfor man i S\u00f8nderjylland har ladet sig inspirere af det tyske i kagebordet.<\/p>\n\n\n\n<figure class=\"wp-block-image size-large\"><img loading=\"lazy\" decoding=\"async\" width=\"768\" height=\"1024\" src=\"https:\/\/rejsedagbog.jnaasnet.dk\/wp-content\/uploads\/2020\/07\/image-180-768x1024.png\" alt=\"a00 \u3001 \u4e00 \num \" class=\"wp-image-373\" srcset=\"https:\/\/rejsedagbog.jnaasnet.dk\/wp-content\/uploads\/2020\/07\/image-180-768x1024.png 768w, https:\/\/rejsedagbog.jnaasnet.dk\/wp-content\/uploads\/2020\/07\/image-180-225x300.png 225w, https:\/\/rejsedagbog.jnaasnet.dk\/wp-content\/uploads\/2020\/07\/image-180-1152x1536.png 1152w, https:\/\/rejsedagbog.jnaasnet.dk\/wp-content\/uploads\/2020\/07\/image-180-1536x2048.png 1536w, https:\/\/rejsedagbog.jnaasnet.dk\/wp-content\/uploads\/2020\/07\/image-180-1600x2133.png 1600w\" sizes=\"auto, (max-width: 768px) 100vw, 768px\" \/><\/figure>\n\n\n\n<figure class=\"wp-block-image size-large\"><img loading=\"lazy\" decoding=\"async\" width=\"768\" height=\"1024\" src=\"https:\/\/rejsedagbog.jnaasnet.dk\/wp-content\/uploads\/2020\/07\/image-181-768x1024.png\" alt=\"\u3002 \u30fb \u6c17 \u7676 \u3092 \u30de \u3001 \u3044 \u3092 \u3001 \n\u30c9 \u66fe \u306f '. \u30ec \u3092 \u4e00 \n\u3044 0 \u30fb 0 : 0 \u3007 0 \u30c8 \u3092 \n\u306e \u3001 \u3082 0 \u30fb 0 0 \u3001 0 \u3092 i:l] \n\u4e00 0 \u3001 01010 \u30fb \" class=\"wp-image-374\" srcset=\"https:\/\/rejsedagbog.jnaasnet.dk\/wp-content\/uploads\/2020\/07\/image-181-768x1024.png 768w, https:\/\/rejsedagbog.jnaasnet.dk\/wp-content\/uploads\/2020\/07\/image-181-225x300.png 225w, https:\/\/rejsedagbog.jnaasnet.dk\/wp-content\/uploads\/2020\/07\/image-181-1152x1536.png 1152w, https:\/\/rejsedagbog.jnaasnet.dk\/wp-content\/uploads\/2020\/07\/image-181-1536x2048.png 1536w, https:\/\/rejsedagbog.jnaasnet.dk\/wp-content\/uploads\/2020\/07\/image-181-1600x2133.png 1600w\" sizes=\"auto, (max-width: 768px) 100vw, 768px\" \/><\/figure>\n\n\n\n<figure class=\"wp-block-image size-large\"><img loading=\"lazy\" decoding=\"async\" width=\"576\" height=\"1024\" src=\"https:\/\/rejsedagbog.jnaasnet.dk\/wp-content\/uploads\/2020\/07\/image-175-576x1024.png\" alt=\"\" class=\"wp-image-368\" srcset=\"https:\/\/rejsedagbog.jnaasnet.dk\/wp-content\/uploads\/2020\/07\/image-175-576x1024.png 576w, https:\/\/rejsedagbog.jnaasnet.dk\/wp-content\/uploads\/2020\/07\/image-175-169x300.png 169w, https:\/\/rejsedagbog.jnaasnet.dk\/wp-content\/uploads\/2020\/07\/image-175-768x1365.png 768w, https:\/\/rejsedagbog.jnaasnet.dk\/wp-content\/uploads\/2020\/07\/image-175-864x1536.png 864w, https:\/\/rejsedagbog.jnaasnet.dk\/wp-content\/uploads\/2020\/07\/image-175-1152x2048.png 1152w, https:\/\/rejsedagbog.jnaasnet.dk\/wp-content\/uploads\/2020\/07\/image-175-1600x2844.png 1600w\" sizes=\"auto, (max-width: 576px) 100vw, 576px\" \/><\/figure>\n\n\n\n<figure class=\"wp-block-image size-large\"><img loading=\"lazy\" decoding=\"async\" width=\"1024\" height=\"576\" src=\"https:\/\/rejsedagbog.jnaasnet.dk\/wp-content\/uploads\/2020\/07\/image-179-1024x576.png\" alt=\"\" class=\"wp-image-372\" srcset=\"https:\/\/rejsedagbog.jnaasnet.dk\/wp-content\/uploads\/2020\/07\/image-179-1024x576.png 1024w, https:\/\/rejsedagbog.jnaasnet.dk\/wp-content\/uploads\/2020\/07\/image-179-300x169.png 300w, https:\/\/rejsedagbog.jnaasnet.dk\/wp-content\/uploads\/2020\/07\/image-179-768x432.png 768w, https:\/\/rejsedagbog.jnaasnet.dk\/wp-content\/uploads\/2020\/07\/image-179-1536x864.png 1536w, https:\/\/rejsedagbog.jnaasnet.dk\/wp-content\/uploads\/2020\/07\/image-179-2048x1152.png 2048w, https:\/\/rejsedagbog.jnaasnet.dk\/wp-content\/uploads\/2020\/07\/image-179-1600x900.png 1600w\" sizes=\"auto, (max-width: 1024px) 100vw, 1024px\" \/><\/figure>\n\n\n\n<figure class=\"wp-block-image size-large\"><img loading=\"lazy\" decoding=\"async\" width=\"1024\" height=\"576\" src=\"https:\/\/rejsedagbog.jnaasnet.dk\/wp-content\/uploads\/2020\/07\/image-176-1024x576.png\" alt=\"\" class=\"wp-image-369\" srcset=\"https:\/\/rejsedagbog.jnaasnet.dk\/wp-content\/uploads\/2020\/07\/image-176-1024x576.png 1024w, https:\/\/rejsedagbog.jnaasnet.dk\/wp-content\/uploads\/2020\/07\/image-176-300x169.png 300w, https:\/\/rejsedagbog.jnaasnet.dk\/wp-content\/uploads\/2020\/07\/image-176-768x432.png 768w, https:\/\/rejsedagbog.jnaasnet.dk\/wp-content\/uploads\/2020\/07\/image-176-1536x864.png 1536w, https:\/\/rejsedagbog.jnaasnet.dk\/wp-content\/uploads\/2020\/07\/image-176-2048x1152.png 2048w, https:\/\/rejsedagbog.jnaasnet.dk\/wp-content\/uploads\/2020\/07\/image-176-1600x900.png 1600w\" sizes=\"auto, (max-width: 1024px) 100vw, 1024px\" \/><\/figure>\n\n\n\n<figure class=\"wp-block-image size-large\"><img loading=\"lazy\" decoding=\"async\" width=\"576\" height=\"1024\" src=\"https:\/\/rejsedagbog.jnaasnet.dk\/wp-content\/uploads\/2020\/07\/image-177-576x1024.png\" alt=\"\" class=\"wp-image-370\" srcset=\"https:\/\/rejsedagbog.jnaasnet.dk\/wp-content\/uploads\/2020\/07\/image-177-576x1024.png 576w, https:\/\/rejsedagbog.jnaasnet.dk\/wp-content\/uploads\/2020\/07\/image-177-169x300.png 169w, https:\/\/rejsedagbog.jnaasnet.dk\/wp-content\/uploads\/2020\/07\/image-177-768x1365.png 768w, https:\/\/rejsedagbog.jnaasnet.dk\/wp-content\/uploads\/2020\/07\/image-177-864x1536.png 864w, https:\/\/rejsedagbog.jnaasnet.dk\/wp-content\/uploads\/2020\/07\/image-177-1152x2048.png 1152w, https:\/\/rejsedagbog.jnaasnet.dk\/wp-content\/uploads\/2020\/07\/image-177-1600x2844.png 1600w\" sizes=\"auto, (max-width: 576px) 100vw, 576px\" \/><\/figure>\n\n\n\n<p>Guiden begyndte turen p\u00e5 tysk, men da der kun var et par ud af fire, der forstod tysk skiftede hun over i engelsk, selvom vi havde f\u00e5et et dansk eksemplar af en beskrivelse af rummene. Det hjalp selvf\u00f8lgelig p\u00e5 oplevelsen at vi ikke skulle st\u00e5 med \u00f8jnene p\u00e5 et stykke papir.<\/p>\n\n\n\n<p>Det var en sp\u00e6ndende historie og nogle imponerende rum. Og s\u00e5 var det v\u00e6sentlig st\u00f8rre, end det vi s\u00e5 i g\u00e5r.<\/p>\n\n\n\n<figure class=\"wp-block-image size-large\"><img loading=\"lazy\" decoding=\"async\" width=\"768\" height=\"1024\" src=\"https:\/\/rejsedagbog.jnaasnet.dk\/wp-content\/uploads\/2020\/07\/image-178-768x1024.png\" alt=\"Bauepochen \n1000 Pfalzgrafen \n1151 Deutsche K\u00f6nige \n1294 Kurf\u00fcrsten von Trier \n1332 Ausbau der Burganlage \n1689 Zerst\u00f6rung durch \nfranz. Truppen \nLudwig XIV \n1868 Wiederaufbau durch \nLouis Raven\u00e9 \n1943 Deutsches Reich \n1949 Bundesrep. Deutschland \n1978 Stadt Cochem \" class=\"wp-image-371\" srcset=\"https:\/\/rejsedagbog.jnaasnet.dk\/wp-content\/uploads\/2020\/07\/image-178-768x1024.png 768w, https:\/\/rejsedagbog.jnaasnet.dk\/wp-content\/uploads\/2020\/07\/image-178-225x300.png 225w, https:\/\/rejsedagbog.jnaasnet.dk\/wp-content\/uploads\/2020\/07\/image-178-1152x1536.png 1152w, https:\/\/rejsedagbog.jnaasnet.dk\/wp-content\/uploads\/2020\/07\/image-178-1536x2048.png 1536w, https:\/\/rejsedagbog.jnaasnet.dk\/wp-content\/uploads\/2020\/07\/image-178-1600x2133.png 1600w\" sizes=\"auto, (max-width: 768px) 100vw, 768px\" \/><\/figure>\n\n\n\n<p>Da vi kom ned fra slottet havde vi problemer med at f\u00e5 internet p\u00e5 telefonerne, s\u00e5 det tog lidt f\u00f8r vi fik en rute vi kunne k\u00f8re efter.<\/p>\n\n\n\n<p>Vi havde booket to overnatninger p\u00e5 en campingplads, hvor vi skulle sove i vores medbragte telt.<\/p>\n\n\n\n<p>Oprindelig var tanken med at medbringe teltet at det kunne bruges som n\u00f8dl\u00f8sning, hvis vi ikke kunne f\u00e5 booket overnatning. Det har vist sig ikke at v\u00e6re noget problem, men det er ogs\u00e5 en relativ dyr l\u00f8sning, n\u00e5r der kommer parkeringsafgifter oveni. Med alle de indtryk, der har v\u00e6ret indtil nu, har m\u00e5ske is\u00e6r Signe brug for lidt ro og en dag, hvor der ikke beh\u00f8ver at ske det store. Derfor virkede det som en god id\u00e9 at g\u00f8re noget andet. Vi fandt et sted p\u00e5 ruten, som var Naturcamping. Vi har ikke forstand p\u00e5 camping, men da der var et billede af en borg p\u00e5 bookingsiden, havde Jonas besluttet sig.<\/p>\n\n\n\n<p>Det var virkelig midt i naturen og p\u00e5 toppen af et bjerg, s\u00e5 temperaturen er lidt lavere. Det lader ogs\u00e5 til at de mennesker, der er p\u00e5 Naturcamping, ikke g\u00e5r ekstremt op i luksus og komfort. Men b\u00f8rnene l\u00f8b glade rundt og legede og de voksne hilste p\u00e6nt, s\u00e5 stemningen var rar.<\/p>\n\n\n\n<p>Vi fik sl\u00e5et teltet op og pustet luft i luftmadrasserne. S\u00e5 krydsede vi fingre for at teltet stod i skygge for morgensolen og k\u00f8rte ned i den n\u00e6rmeste by for at spise.<\/p>\n\n\n\n<p>Da vi kom tilbage til campingpladsen puttede Signe sig i soveposen, imens Jonas gik ud for at udforske pladsen.<\/p>\n\n\n\n<figure class=\"wp-block-image size-large\"><img loading=\"lazy\" decoding=\"async\" width=\"1021\" height=\"1024\" src=\"https:\/\/rejsedagbog.jnaasnet.dk\/wp-content\/uploads\/2020\/07\/Screenshot_20200712-131522_Maps-1021x1024.png\" alt=\"\" class=\"wp-image-378\" srcset=\"https:\/\/rejsedagbog.jnaasnet.dk\/wp-content\/uploads\/2020\/07\/Screenshot_20200712-131522_Maps-1021x1024.png 1021w, https:\/\/rejsedagbog.jnaasnet.dk\/wp-content\/uploads\/2020\/07\/Screenshot_20200712-131522_Maps-300x300.png 300w, https:\/\/rejsedagbog.jnaasnet.dk\/wp-content\/uploads\/2020\/07\/Screenshot_20200712-131522_Maps-150x150.png 150w, https:\/\/rejsedagbog.jnaasnet.dk\/wp-content\/uploads\/2020\/07\/Screenshot_20200712-131522_Maps-768x770.png 768w, https:\/\/rejsedagbog.jnaasnet.dk\/wp-content\/uploads\/2020\/07\/Screenshot_20200712-131522_Maps.png 1079w\" sizes=\"auto, (max-width: 1021px) 100vw, 1021px\" \/><figcaption>Dagens etape<\/figcaption><\/figure>\n\n\n\n<div class=\"wp-block-columns is-layout-flex wp-container-core-columns-is-layout-9d6595d7 wp-block-columns-is-layout-flex\">\n<div class=\"wp-block-column is-layout-flow wp-block-column-is-layout-flow\">\n<p class=\"has-text-align-center\"><a href=\"https:\/\/rejsedagbog.jnaasnet.dk\/?page_id=307\">Tilbage<\/a><\/p>\n<\/div>\n\n\n\n<div class=\"wp-block-column is-layout-flow wp-block-column-is-layout-flow\">\n<p class=\"has-text-align-center\"><a href=\"https:\/\/rejsedagbog.jnaasnet.dk\/?page_id=382\">N\u00e6ste<\/a><\/p>\n<\/div>\n<\/div>\n\n\n\n<p><\/p>\n","protected":false},"excerpt":{"rendered":"<p>L\u00f8rdag den 11. juli 2020 Det tog lidt l\u00e6ngere tid at pakke sammen end de andre gange. Det kan ikke&hellip;<\/p>\n","protected":false},"author":3,"featured_media":0,"parent":25,"menu_order":12,"comment_status":"closed","ping_status":"closed","template":"","meta":{"footnotes":""},"class_list":["post-341","page","type-page","status-publish","hentry"],"_links":{"self":[{"href":"https:\/\/rejsedagbog.jnaasnet.dk\/index.php?rest_route=\/wp\/v2\/pages\/341","targetHints":{"allow":["GET"]}}],"collection":[{"href":"https:\/\/rejsedagbog.jnaasnet.dk\/index.php?rest_route=\/wp\/v2\/pages"}],"about":[{"href":"https:\/\/rejsedagbog.jnaasnet.dk\/index.php?rest_route=\/wp\/v2\/types\/page"}],"author":[{"embeddable":true,"href":"https:\/\/rejsedagbog.jnaasnet.dk\/index.php?rest_route=\/wp\/v2\/users\/3"}],"replies":[{"embeddable":true,"href":"https:\/\/rejsedagbog.jnaasnet.dk\/index.php?rest_route=%2Fwp%2Fv2%2Fcomments&post=341"}],"version-history":[{"count":10,"href":"https:\/\/rejsedagbog.jnaasnet.dk\/index.php?rest_route=\/wp\/v2\/pages\/341\/revisions"}],"predecessor-version":[{"id":553,"href":"https:\/\/rejsedagbog.jnaasnet.dk\/index.php?rest_route=\/wp\/v2\/pages\/341\/revisions\/553"}],"up":[{"embeddable":true,"href":"https:\/\/rejsedagbog.jnaasnet.dk\/index.php?rest_route=\/wp\/v2\/pages\/25"}],"wp:attachment":[{"href":"https:\/\/rejsedagbog.jnaasnet.dk\/index.php?rest_route=%2Fwp%2Fv2%2Fmedia&parent=341"}],"curies":[{"name":"wp","href":"https:\/\/api.w.org\/{rel}","templated":true}]}}