{"id":307,"date":"2020-07-10T23:42:24","date_gmt":"2020-07-10T21:42:24","guid":{"rendered":"https:\/\/rejsedagbog.jnaasnet.dk\/?page_id=307"},"modified":"2020-10-20T21:16:29","modified_gmt":"2020-10-20T19:16:29","slug":"dag-11-heidelberg-mere-slot-og-spontan-shopping","status":"publish","type":"page","link":"https:\/\/rejsedagbog.jnaasnet.dk\/?page_id=307","title":{"rendered":"Dag #11: Heidelberg &#8211;  (mere) slot og spontan shopping"},"content":{"rendered":"\n<h4 class=\"wp-block-heading\">Fredag den 10. juli 2020<\/h4>\n\n\n\n<p>Det var meget varmt i nat, men heldigvis havde vi ladet bl\u00e6seren v\u00e6re t\u00e6ndt, da vi gik i seng.<\/p>\n\n\n\n<p>Signe begyndte dagen med en stille stund i et karbad og med et par afsnit af DR-podcasten \u201cGenstart\u201d, som absolut kan anbefales. Hvert afsnit g\u00e5r i dybden med et nyhedsaktuelt emne.<\/p>\n\n\n\n<figure class=\"wp-block-image size-large\"><img loading=\"lazy\" decoding=\"async\" width=\"768\" height=\"1024\" src=\"https:\/\/rejsedagbog.jnaasnet.dk\/wp-content\/uploads\/2020\/07\/image-144-768x1024.png\" alt=\"\" class=\"wp-image-318\" srcset=\"https:\/\/rejsedagbog.jnaasnet.dk\/wp-content\/uploads\/2020\/07\/image-144-768x1024.png 768w, https:\/\/rejsedagbog.jnaasnet.dk\/wp-content\/uploads\/2020\/07\/image-144-225x300.png 225w, https:\/\/rejsedagbog.jnaasnet.dk\/wp-content\/uploads\/2020\/07\/image-144-1152x1536.png 1152w, https:\/\/rejsedagbog.jnaasnet.dk\/wp-content\/uploads\/2020\/07\/image-144-1536x2048.png 1536w, https:\/\/rejsedagbog.jnaasnet.dk\/wp-content\/uploads\/2020\/07\/image-144-1600x2133.png 1600w\" sizes=\"auto, (max-width: 768px) 100vw, 768px\" \/><\/figure>\n\n\n\n<p>Herefter var det tid til at skubbe til Jonas. Vi spiste morgenmad og smurte madpakker og k\u00f8rte afsted omkring klokken 10.<\/p>\n\n\n\n<p>Efter to timers k\u00f8rsel n\u00e5ede vi frem til m\u00e5let: flere gamle mursten i form af Schloss Lichtenstein (W\u00fcrttemberg).<\/p>\n\n\n\n<p>Vi lagde ud med en tur rundt i haven og udkanten af skoven, som l\u00e5 op til. Her l\u00e5 en ruin, som var resterne af det oprindelige slot fra omkring \u00e5r 1100. Her spiste vi vores madpakker i skyggen ovenp\u00e5 ruinen. Det var for varmt i solen, men heldigvis har det luftet godt.<\/p>\n\n\n\n<figure class=\"wp-block-image size-large\"><img loading=\"lazy\" decoding=\"async\" width=\"1024\" height=\"768\" src=\"https:\/\/rejsedagbog.jnaasnet.dk\/wp-content\/uploads\/2020\/07\/image-150-1024x768.png\" alt=\"' \u4ea7 ' 0 \u3001 \u624d \n' ' 0 \u201c \u6597 0 \u7800 \uff0c \n\u591a 0 \u77fd \n\uff0c \u5f61 \u5201 \uff0c \u5c11 \u4e86 00 \u300a \uff0c \" class=\"wp-image-327\" srcset=\"https:\/\/rejsedagbog.jnaasnet.dk\/wp-content\/uploads\/2020\/07\/image-150-1024x768.png 1024w, https:\/\/rejsedagbog.jnaasnet.dk\/wp-content\/uploads\/2020\/07\/image-150-300x225.png 300w, https:\/\/rejsedagbog.jnaasnet.dk\/wp-content\/uploads\/2020\/07\/image-150-768x576.png 768w, https:\/\/rejsedagbog.jnaasnet.dk\/wp-content\/uploads\/2020\/07\/image-150-1536x1152.png 1536w, https:\/\/rejsedagbog.jnaasnet.dk\/wp-content\/uploads\/2020\/07\/image-150-2048x1536.png 2048w, https:\/\/rejsedagbog.jnaasnet.dk\/wp-content\/uploads\/2020\/07\/image-150-1600x1200.png 1600w\" sizes=\"auto, (max-width: 1024px) 100vw, 1024px\" \/><\/figure>\n\n\n\n<figure class=\"wp-block-image size-large\"><img loading=\"lazy\" decoding=\"async\" width=\"1024\" height=\"485\" src=\"https:\/\/rejsedagbog.jnaasnet.dk\/wp-content\/uploads\/2020\/07\/image-146-1024x485.png\" alt=\"\" class=\"wp-image-322\" srcset=\"https:\/\/rejsedagbog.jnaasnet.dk\/wp-content\/uploads\/2020\/07\/image-146-1024x485.png 1024w, https:\/\/rejsedagbog.jnaasnet.dk\/wp-content\/uploads\/2020\/07\/image-146-300x142.png 300w, https:\/\/rejsedagbog.jnaasnet.dk\/wp-content\/uploads\/2020\/07\/image-146-768x364.png 768w, https:\/\/rejsedagbog.jnaasnet.dk\/wp-content\/uploads\/2020\/07\/image-146-1536x728.png 1536w, https:\/\/rejsedagbog.jnaasnet.dk\/wp-content\/uploads\/2020\/07\/image-146-2048x971.png 2048w, https:\/\/rejsedagbog.jnaasnet.dk\/wp-content\/uploads\/2020\/07\/image-146-1600x758.png 1600w\" sizes=\"auto, (max-width: 1024px) 100vw, 1024px\" \/><\/figure>\n\n\n\n<figure class=\"wp-block-image size-large\"><img loading=\"lazy\" decoding=\"async\" width=\"485\" height=\"1024\" src=\"https:\/\/rejsedagbog.jnaasnet.dk\/wp-content\/uploads\/2020\/07\/image-147-485x1024.png\" alt=\"\u3044 \u3001 \n\u3001 \u304d \u3001 \u3059 \u3057 \u30fb \n- \u3066 \u3044 \u30ec \u3057 \" class=\"wp-image-323\" srcset=\"https:\/\/rejsedagbog.jnaasnet.dk\/wp-content\/uploads\/2020\/07\/image-147-485x1024.png 485w, https:\/\/rejsedagbog.jnaasnet.dk\/wp-content\/uploads\/2020\/07\/image-147-142x300.png 142w, https:\/\/rejsedagbog.jnaasnet.dk\/wp-content\/uploads\/2020\/07\/image-147-768x1620.png 768w, https:\/\/rejsedagbog.jnaasnet.dk\/wp-content\/uploads\/2020\/07\/image-147-728x1536.png 728w, https:\/\/rejsedagbog.jnaasnet.dk\/wp-content\/uploads\/2020\/07\/image-147-971x2048.png 971w, https:\/\/rejsedagbog.jnaasnet.dk\/wp-content\/uploads\/2020\/07\/image-147-1600x3375.png 1600w\" sizes=\"auto, (max-width: 485px) 100vw, 485px\" \/><\/figure>\n\n\n\n<figure class=\"wp-block-image size-large\"><img loading=\"lazy\" decoding=\"async\" width=\"1024\" height=\"485\" src=\"https:\/\/rejsedagbog.jnaasnet.dk\/wp-content\/uploads\/2020\/07\/image-145-1024x485.png\" alt=\"\" class=\"wp-image-321\" srcset=\"https:\/\/rejsedagbog.jnaasnet.dk\/wp-content\/uploads\/2020\/07\/image-145-1024x485.png 1024w, https:\/\/rejsedagbog.jnaasnet.dk\/wp-content\/uploads\/2020\/07\/image-145-300x142.png 300w, https:\/\/rejsedagbog.jnaasnet.dk\/wp-content\/uploads\/2020\/07\/image-145-768x364.png 768w, https:\/\/rejsedagbog.jnaasnet.dk\/wp-content\/uploads\/2020\/07\/image-145-1536x728.png 1536w, https:\/\/rejsedagbog.jnaasnet.dk\/wp-content\/uploads\/2020\/07\/image-145-2048x971.png 2048w, https:\/\/rejsedagbog.jnaasnet.dk\/wp-content\/uploads\/2020\/07\/image-145-1600x758.png 1600w\" sizes=\"auto, (max-width: 1024px) 100vw, 1024px\" \/><\/figure>\n\n\n\n<figure class=\"wp-block-image size-large\"><img loading=\"lazy\" decoding=\"async\" width=\"769\" height=\"1024\" src=\"https:\/\/rejsedagbog.jnaasnet.dk\/wp-content\/uploads\/2020\/07\/image-142-769x1024.png\" alt=\"\" class=\"wp-image-314\" srcset=\"https:\/\/rejsedagbog.jnaasnet.dk\/wp-content\/uploads\/2020\/07\/image-142-769x1024.png 769w, https:\/\/rejsedagbog.jnaasnet.dk\/wp-content\/uploads\/2020\/07\/image-142-225x300.png 225w, https:\/\/rejsedagbog.jnaasnet.dk\/wp-content\/uploads\/2020\/07\/image-142-768x1022.png 768w, https:\/\/rejsedagbog.jnaasnet.dk\/wp-content\/uploads\/2020\/07\/image-142-1154x1536.png 1154w, https:\/\/rejsedagbog.jnaasnet.dk\/wp-content\/uploads\/2020\/07\/image-142-1539x2048.png 1539w, https:\/\/rejsedagbog.jnaasnet.dk\/wp-content\/uploads\/2020\/07\/image-142-1600x2130.png 1600w\" sizes=\"auto, (max-width: 769px) 100vw, 769px\" \/><\/figure>\n\n\n\n<p>Vi gik herefter op til det \u201cnye\u201d slot. Slottet er privat ejet af greven af Urach, og dele af slottet bliver stadig brugt som privat del-tidsbolig. Slottets kapel bruges ogs\u00e5 til bryllupper &#8211; omend ret sm\u00e5 da der maksimalt kan v\u00e6re 25 personer, og vi var t\u00e6t p\u00e5 at blive foreviget i et brudepars billeder mens vi gik tur p\u00e5 slottets voldgrav &#8211; det var et flot par, s\u00e5 vi listede hurtigt ud af kameraets s\u00f8ger.<\/p>\n\n\n\n<p>Vi tog en guidet tur, som tog cirka en halv time. Den foregik p\u00e5 tysk. Det kneb med at f\u00e5 alle detaljerne med, men vi havde f\u00e5et en engelsk overs\u00e6ttelse i en forkortet udgave i en brochure.<\/p>\n\n\n\n<p>I slottets hovedbygning, som vi s\u00e5 indefra, var rummene overraskende sm\u00e5, men meget smukt dekorerede. Hovedslottet er udstyret med en vindebro, som kan h\u00e6ves &#8211; ligesom p\u00e5 alle ordentlige ridderslotte man bygger af Lego! Der hang rustninger og v\u00e5ben i v\u00e5benhuset og man kunne sagtens forestille sig, hvordan der er blevet skejet ud i Trinkstube. Under loftet hang her et 1,93 meter h\u00f8jt champagneglas, som kunne indeholde 3 flasker champagne(Jonas var 100% udelt begejstret ved konceptet).<\/p>\n\n\n\n<p>I det hele taget lignede det noget fra et eventyr om riddere og prinsesser (muligvis et legos\u00e6t). Der kunne sagtens bo en drage for foden af den klippe, som slottet er bygget p\u00e5.<\/p>\n\n\n\n<figure class=\"wp-block-image size-large\"><img loading=\"lazy\" decoding=\"async\" width=\"1024\" height=\"485\" src=\"https:\/\/rejsedagbog.jnaasnet.dk\/wp-content\/uploads\/2020\/07\/image-145-1024x485.png\" alt=\"\" class=\"wp-image-320\" srcset=\"https:\/\/rejsedagbog.jnaasnet.dk\/wp-content\/uploads\/2020\/07\/image-145-1024x485.png 1024w, https:\/\/rejsedagbog.jnaasnet.dk\/wp-content\/uploads\/2020\/07\/image-145-300x142.png 300w, https:\/\/rejsedagbog.jnaasnet.dk\/wp-content\/uploads\/2020\/07\/image-145-768x364.png 768w, https:\/\/rejsedagbog.jnaasnet.dk\/wp-content\/uploads\/2020\/07\/image-145-1536x728.png 1536w, https:\/\/rejsedagbog.jnaasnet.dk\/wp-content\/uploads\/2020\/07\/image-145-2048x971.png 2048w, https:\/\/rejsedagbog.jnaasnet.dk\/wp-content\/uploads\/2020\/07\/image-145-1600x758.png 1600w\" sizes=\"auto, (max-width: 1024px) 100vw, 1024px\" \/><\/figure>\n\n\n\n<figure class=\"wp-block-image size-large\"><img loading=\"lazy\" decoding=\"async\" width=\"1024\" height=\"1024\" src=\"https:\/\/rejsedagbog.jnaasnet.dk\/wp-content\/uploads\/2020\/07\/image-139-1024x1024.png\" alt=\"\" class=\"wp-image-311\" srcset=\"https:\/\/rejsedagbog.jnaasnet.dk\/wp-content\/uploads\/2020\/07\/image-139-1024x1024.png 1024w, https:\/\/rejsedagbog.jnaasnet.dk\/wp-content\/uploads\/2020\/07\/image-139-300x300.png 300w, https:\/\/rejsedagbog.jnaasnet.dk\/wp-content\/uploads\/2020\/07\/image-139-150x150.png 150w, https:\/\/rejsedagbog.jnaasnet.dk\/wp-content\/uploads\/2020\/07\/image-139-768x768.png 768w, https:\/\/rejsedagbog.jnaasnet.dk\/wp-content\/uploads\/2020\/07\/image-139.png 1440w\" sizes=\"auto, (max-width: 1024px) 100vw, 1024px\" \/><figcaption>Husk mundbind &#8211; ellers f\u00e5r du p\u00e5 munden! (eller i hvert fald misbilligende blikke)<\/figcaption><\/figure>\n\n\n\n<figure class=\"wp-block-image size-large\"><img loading=\"lazy\" decoding=\"async\" width=\"485\" height=\"1024\" src=\"https:\/\/rejsedagbog.jnaasnet.dk\/wp-content\/uploads\/2020\/07\/image-141-485x1024.png\" alt=\"\" class=\"wp-image-313\" srcset=\"https:\/\/rejsedagbog.jnaasnet.dk\/wp-content\/uploads\/2020\/07\/image-141-485x1024.png 485w, https:\/\/rejsedagbog.jnaasnet.dk\/wp-content\/uploads\/2020\/07\/image-141-142x300.png 142w, https:\/\/rejsedagbog.jnaasnet.dk\/wp-content\/uploads\/2020\/07\/image-141-768x1623.png 768w, https:\/\/rejsedagbog.jnaasnet.dk\/wp-content\/uploads\/2020\/07\/image-141-727x1536.png 727w, https:\/\/rejsedagbog.jnaasnet.dk\/wp-content\/uploads\/2020\/07\/image-141-969x2048.png 969w, https:\/\/rejsedagbog.jnaasnet.dk\/wp-content\/uploads\/2020\/07\/image-141-1600x3380.png 1600w, https:\/\/rejsedagbog.jnaasnet.dk\/wp-content\/uploads\/2020\/07\/image-141.png 1908w\" sizes=\"auto, (max-width: 485px) 100vw, 485px\" \/><\/figure>\n\n\n\n<p>Efter en runde i slotsg\u00e5rden gik vi mod bilen.<\/p>\n\n\n\n<p>En trang til hindb\u00e6r havde meldt sig &#8211; i stedet solgte en \u00e6ldre dame kirseb\u00e6r ved vejkanten. De smagte ogs\u00e5 godt og kostede 3 \u20ac for 500g<\/p>\n\n\n\n<figure class=\"wp-block-image size-large\"><img loading=\"lazy\" decoding=\"async\" width=\"1024\" height=\"853\" src=\"https:\/\/rejsedagbog.jnaasnet.dk\/wp-content\/uploads\/2020\/07\/image-140-1024x853.png\" alt=\"\" class=\"wp-image-312\" srcset=\"https:\/\/rejsedagbog.jnaasnet.dk\/wp-content\/uploads\/2020\/07\/image-140-1024x853.png 1024w, https:\/\/rejsedagbog.jnaasnet.dk\/wp-content\/uploads\/2020\/07\/image-140-300x250.png 300w, https:\/\/rejsedagbog.jnaasnet.dk\/wp-content\/uploads\/2020\/07\/image-140-768x639.png 768w, https:\/\/rejsedagbog.jnaasnet.dk\/wp-content\/uploads\/2020\/07\/image-140-1536x1279.png 1536w, https:\/\/rejsedagbog.jnaasnet.dk\/wp-content\/uploads\/2020\/07\/image-140-2048x1705.png 2048w, https:\/\/rejsedagbog.jnaasnet.dk\/wp-content\/uploads\/2020\/07\/image-140-1600x1332.png 1600w\" sizes=\"auto, (max-width: 1024px) 100vw, 1024px\" \/><\/figure>\n\n\n\n<p>En halv times tid inden vi n\u00e5ede Schloss Lichtenstein s\u00e5 vi et skilt til OutletCity. Efter en Google-s\u00f8gning fandt vi hurtigt ud af at det var et m\u00e6rkevareoutlet med m\u00e6rker som Hilfiger, Prada og Boss. Det havde endda gode anmeldelser<\/p>\n\n\n\n<p>P\u00e5 vej tilbage til Heidelberg besluttede vi at unders\u00f8ge det n\u00e6rmere. Da vi kom op fra parkeringsk\u00e6lderen opdagede vi, at vi faktisk var havnet i en decideret by af outletshops(Ringsted outlet &#8211; go home!). Ikke kun de n\u00e6vnte m\u00e6rker, der havde et par fork\u00f8lede fejlkollektioner h\u00e6ngende. N\u00e6 nej, det var et&nbsp; schlaraffenland af gode tilbud. Her kunne man nemt bruge en dag og vores dankort kom da ogs\u00e5 hurtigt til at gl\u00f8de med bes\u00f8g hos bl.a. Birkenstock, Hilfiger, Nike, Lloyd, S. Olivier, Under Armour og Schiesser. Bilen skal vist pakkes om ved afrejse i morgen.<\/p>\n\n\n\n<figure class=\"wp-block-image size-large\"><img loading=\"lazy\" decoding=\"async\" width=\"768\" height=\"1024\" src=\"https:\/\/rejsedagbog.jnaasnet.dk\/wp-content\/uploads\/2020\/07\/image-149-768x1024.png\" alt=\"\u043d\u043e\u0437\u0434 \n9CESS0lRgs- \n\u044e \u043f\u043e\u0442\u00bb \nWELCOME \u0414\u041e\u0411\u0420\u041e \u041f\u041e\u0416\u0410\u041b\u041e\u0412\u0410\u0422\u042c \n\u0447\u0430\u0448 \" class=\"wp-image-325\" srcset=\"https:\/\/rejsedagbog.jnaasnet.dk\/wp-content\/uploads\/2020\/07\/image-149-768x1024.png 768w, https:\/\/rejsedagbog.jnaasnet.dk\/wp-content\/uploads\/2020\/07\/image-149-225x300.png 225w, https:\/\/rejsedagbog.jnaasnet.dk\/wp-content\/uploads\/2020\/07\/image-149-1152x1536.png 1152w, https:\/\/rejsedagbog.jnaasnet.dk\/wp-content\/uploads\/2020\/07\/image-149-1536x2048.png 1536w, https:\/\/rejsedagbog.jnaasnet.dk\/wp-content\/uploads\/2020\/07\/image-149-1600x2133.png 1600w\" sizes=\"auto, (max-width: 768px) 100vw, 768px\" \/><\/figure>\n\n\n\n<figure class=\"wp-block-image size-large\"><img loading=\"lazy\" decoding=\"async\" width=\"768\" height=\"1024\" src=\"https:\/\/rejsedagbog.jnaasnet.dk\/wp-content\/uploads\/2020\/07\/image-143-768x1024.png\" alt=\"POLO RALPII LAUREN \nPRADA \nBoss \nmn@Q\u00c4 \nAREAL \ncm MALL SCHWENKEL VOLTER \nGAENSLEN&amp; \n\u00f8\u00e5\u00f8\u00f8\u00f8 \nWilhelmstra\u00dfe \nAREAL \nUNDEN- \" class=\"wp-image-317\" srcset=\"https:\/\/rejsedagbog.jnaasnet.dk\/wp-content\/uploads\/2020\/07\/image-143-768x1024.png 768w, https:\/\/rejsedagbog.jnaasnet.dk\/wp-content\/uploads\/2020\/07\/image-143-225x300.png 225w, https:\/\/rejsedagbog.jnaasnet.dk\/wp-content\/uploads\/2020\/07\/image-143-1152x1536.png 1152w, https:\/\/rejsedagbog.jnaasnet.dk\/wp-content\/uploads\/2020\/07\/image-143-1536x2048.png 1536w, https:\/\/rejsedagbog.jnaasnet.dk\/wp-content\/uploads\/2020\/07\/image-143-1600x2133.png 1600w\" sizes=\"auto, (max-width: 768px) 100vw, 768px\" \/><\/figure>\n\n\n\n<p>7 par sko rigere (vi har rigtig mange f\u00f8dder) og med lidt til t\u00f8jhylderne ogs\u00e5, kunne vi k\u00f8re de to timers k\u00f8rsel tilbage til Heidelberg. Her kunne vi begynde p\u00e5 tredje Sara Bl\u00e6del-lydbog.<\/p>\n\n\n\n<p>Sulten havde meldt sig igen og vi fandt en lokal, italiensk restaurant. Nu var vi b\u00e5de m\u00e6tte og tr\u00e6tte, men n\u00e6ste overnatning skulle bookes, inden vi kunne krybe til k\u00f8js.<\/p>\n\n\n\n<figure class=\"wp-block-image size-large\"><img loading=\"lazy\" decoding=\"async\" width=\"612\" height=\"1024\" src=\"https:\/\/rejsedagbog.jnaasnet.dk\/wp-content\/uploads\/2020\/07\/Screenshot_20200711-000350_Maps.png-612x1024.jpg\" alt=\"\" class=\"wp-image-334\" srcset=\"https:\/\/rejsedagbog.jnaasnet.dk\/wp-content\/uploads\/2020\/07\/Screenshot_20200711-000350_Maps.png-612x1024.jpg 612w, https:\/\/rejsedagbog.jnaasnet.dk\/wp-content\/uploads\/2020\/07\/Screenshot_20200711-000350_Maps.png-179x300.jpg 179w, https:\/\/rejsedagbog.jnaasnet.dk\/wp-content\/uploads\/2020\/07\/Screenshot_20200711-000350_Maps.png-768x1284.jpg 768w, https:\/\/rejsedagbog.jnaasnet.dk\/wp-content\/uploads\/2020\/07\/Screenshot_20200711-000350_Maps.png-919x1536.jpg 919w, https:\/\/rejsedagbog.jnaasnet.dk\/wp-content\/uploads\/2020\/07\/Screenshot_20200711-000350_Maps.png.jpg 1080w\" sizes=\"auto, (max-width: 612px) 100vw, 612px\" \/><figcaption>Dagens etape &#8211; there, and back again<\/figcaption><\/figure>\n\n\n\n<div class=\"wp-block-columns is-layout-flex wp-container-core-columns-is-layout-9d6595d7 wp-block-columns-is-layout-flex\">\n<div class=\"wp-block-column is-layout-flow wp-block-column-is-layout-flow\">\n<p class=\"has-text-align-center\"><a href=\"https:\/\/rejsedagbog.jnaasnet.dk\/?page_id=247\">Tilbage<\/a><\/p>\n<\/div>\n\n\n\n<div class=\"wp-block-column is-layout-flow wp-block-column-is-layout-flow\">\n<p class=\"has-text-align-center\"><a href=\"https:\/\/rejsedagbog.jnaasnet.dk\/?page_id=341\">N\u00e6ste<\/a><\/p>\n<\/div>\n<\/div>\n","protected":false},"excerpt":{"rendered":"<p>Fredag den 10. juli 2020 Det var meget varmt i nat, men heldigvis havde vi ladet bl\u00e6seren v\u00e6re t\u00e6ndt, da&hellip;<\/p>\n","protected":false},"author":3,"featured_media":0,"parent":25,"menu_order":11,"comment_status":"closed","ping_status":"closed","template":"","meta":{"footnotes":""},"class_list":["post-307","page","type-page","status-publish","hentry"],"_links":{"self":[{"href":"https:\/\/rejsedagbog.jnaasnet.dk\/index.php?rest_route=\/wp\/v2\/pages\/307","targetHints":{"allow":["GET"]}}],"collection":[{"href":"https:\/\/rejsedagbog.jnaasnet.dk\/index.php?rest_route=\/wp\/v2\/pages"}],"about":[{"href":"https:\/\/rejsedagbog.jnaasnet.dk\/index.php?rest_route=\/wp\/v2\/types\/page"}],"author":[{"embeddable":true,"href":"https:\/\/rejsedagbog.jnaasnet.dk\/index.php?rest_route=\/wp\/v2\/users\/3"}],"replies":[{"embeddable":true,"href":"https:\/\/rejsedagbog.jnaasnet.dk\/index.php?rest_route=%2Fwp%2Fv2%2Fcomments&post=307"}],"version-history":[{"count":15,"href":"https:\/\/rejsedagbog.jnaasnet.dk\/index.php?rest_route=\/wp\/v2\/pages\/307\/revisions"}],"predecessor-version":[{"id":548,"href":"https:\/\/rejsedagbog.jnaasnet.dk\/index.php?rest_route=\/wp\/v2\/pages\/307\/revisions\/548"}],"up":[{"embeddable":true,"href":"https:\/\/rejsedagbog.jnaasnet.dk\/index.php?rest_route=\/wp\/v2\/pages\/25"}],"wp:attachment":[{"href":"https:\/\/rejsedagbog.jnaasnet.dk\/index.php?rest_route=%2Fwp%2Fv2%2Fmedia&parent=307"}],"curies":[{"name":"wp","href":"https:\/\/api.w.org\/{rel}","templated":true}]}}