{"id":28,"date":"2020-07-08T02:18:52","date_gmt":"2020-07-08T00:18:52","guid":{"rendered":"https:\/\/rejsedagbog.jnaasnet.dk\/?page_id=28"},"modified":"2020-07-14T01:08:59","modified_gmt":"2020-07-13T23:08:59","slug":"dag-1-afrejse-koebenhavn-wittenberg","status":"publish","type":"page","link":"https:\/\/rejsedagbog.jnaasnet.dk\/?page_id=28","title":{"rendered":"Dag #1: Afrejse &#8211; K\u00f8benhavn &#8211; Wittenberg"},"content":{"rendered":"\n<h4 class=\"wp-block-heading\">Tirsdag den 30. juni 2020<\/h4>\n\n\n\n<p>Den planlagte ankomst til Gedser var kl. 11, men vi var allerede fremme kl. 9.15. Seneste f\u00e6rge afgik kl. 9. En kort tur til Danmarks sydligste punkt &#8211; bl\u00e6sende. Signe blev i bilen og Jonas benyttede toilettet. N\u00e6ste afgang 11.15<\/p>\n\n\n\n<figure class=\"wp-block-image size-large\"><img loading=\"lazy\" decoding=\"async\" width=\"3024\" height=\"4032\" src=\"https:\/\/rejsedagbog.jnaasnet.dk\/wp-content\/uploads\/2020\/07\/image-5.png\" alt=\"\" class=\"wp-image-36\" srcset=\"https:\/\/rejsedagbog.jnaasnet.dk\/wp-content\/uploads\/2020\/07\/image-5.png 3024w, https:\/\/rejsedagbog.jnaasnet.dk\/wp-content\/uploads\/2020\/07\/image-5-225x300.png 225w, https:\/\/rejsedagbog.jnaasnet.dk\/wp-content\/uploads\/2020\/07\/image-5-768x1024.png 768w, https:\/\/rejsedagbog.jnaasnet.dk\/wp-content\/uploads\/2020\/07\/image-5-1152x1536.png 1152w, https:\/\/rejsedagbog.jnaasnet.dk\/wp-content\/uploads\/2020\/07\/image-5-1536x2048.png 1536w, https:\/\/rejsedagbog.jnaasnet.dk\/wp-content\/uploads\/2020\/07\/image-5-1600x2133.png 1600w\" sizes=\"auto, (max-width: 3024px) 100vw, 3024px\" \/><\/figure>\n\n\n\n<p>For at komme hurtigst muligt frem tog vi autobahn s\u00e5 langt vi kunne. Ankomst i Wittenberg kl. 17. Vi har f\u00e5et hotellets st\u00f8rste v\u00e6relse 65 m2 med stort badekar og tek\u00f8kken. Vi gik en lille tur rundt i bymidten og fandt lidt snacks til k\u00f8returen i morgen. Gik tilbage til hotellet og fik god, tysk mad. Jonas: kalveschnitzel med tomat-chutney og kartoffel-agurke salat. Signe: Vildt- Gullash  m. Stegte champignon og urte sp\u00e4tzle. Signe tog et langt bad imens Jonas gik en tur mere rundt i byen. Vi gik ud som lys kl. 21.30<\/p>\n\n\n\n<figure class=\"wp-block-image size-large\"><img loading=\"lazy\" decoding=\"async\" width=\"2268\" height=\"4032\" src=\"https:\/\/rejsedagbog.jnaasnet.dk\/wp-content\/uploads\/2020\/07\/image-2.png\" alt=\"\" class=\"wp-image-33\" srcset=\"https:\/\/rejsedagbog.jnaasnet.dk\/wp-content\/uploads\/2020\/07\/image-2.png 2268w, https:\/\/rejsedagbog.jnaasnet.dk\/wp-content\/uploads\/2020\/07\/image-2-169x300.png 169w, https:\/\/rejsedagbog.jnaasnet.dk\/wp-content\/uploads\/2020\/07\/image-2-576x1024.png 576w, https:\/\/rejsedagbog.jnaasnet.dk\/wp-content\/uploads\/2020\/07\/image-2-768x1365.png 768w, https:\/\/rejsedagbog.jnaasnet.dk\/wp-content\/uploads\/2020\/07\/image-2-864x1536.png 864w, https:\/\/rejsedagbog.jnaasnet.dk\/wp-content\/uploads\/2020\/07\/image-2-1152x2048.png 1152w, https:\/\/rejsedagbog.jnaasnet.dk\/wp-content\/uploads\/2020\/07\/image-2-1600x2844.png 1600w\" sizes=\"auto, (max-width: 2268px) 100vw, 2268px\" \/><\/figure>\n\n\n\n<p>Flere billeder fra dagen og byen:<\/p>\n\n\n\n<figure class=\"wp-block-image size-large\"><img loading=\"lazy\" decoding=\"async\" width=\"4608\" height=\"3456\" src=\"https:\/\/rejsedagbog.jnaasnet.dk\/wp-content\/uploads\/2020\/07\/image-7.png\" alt=\"\" class=\"wp-image-38\" srcset=\"https:\/\/rejsedagbog.jnaasnet.dk\/wp-content\/uploads\/2020\/07\/image-7.png 4608w, https:\/\/rejsedagbog.jnaasnet.dk\/wp-content\/uploads\/2020\/07\/image-7-300x225.png 300w, https:\/\/rejsedagbog.jnaasnet.dk\/wp-content\/uploads\/2020\/07\/image-7-1024x768.png 1024w, https:\/\/rejsedagbog.jnaasnet.dk\/wp-content\/uploads\/2020\/07\/image-7-768x576.png 768w, https:\/\/rejsedagbog.jnaasnet.dk\/wp-content\/uploads\/2020\/07\/image-7-1536x1152.png 1536w, https:\/\/rejsedagbog.jnaasnet.dk\/wp-content\/uploads\/2020\/07\/image-7-2048x1536.png 2048w, https:\/\/rejsedagbog.jnaasnet.dk\/wp-content\/uploads\/2020\/07\/image-7-1600x1200.png 1600w\" sizes=\"auto, (max-width: 4608px) 100vw, 4608px\" \/><\/figure>\n\n\n\n<figure class=\"wp-block-image size-large\"><img loading=\"lazy\" decoding=\"async\" width=\"4608\" height=\"3456\" src=\"https:\/\/rejsedagbog.jnaasnet.dk\/wp-content\/uploads\/2020\/07\/image-6.png\" alt=\"\" class=\"wp-image-37\" srcset=\"https:\/\/rejsedagbog.jnaasnet.dk\/wp-content\/uploads\/2020\/07\/image-6.png 4608w, https:\/\/rejsedagbog.jnaasnet.dk\/wp-content\/uploads\/2020\/07\/image-6-300x225.png 300w, https:\/\/rejsedagbog.jnaasnet.dk\/wp-content\/uploads\/2020\/07\/image-6-1024x768.png 1024w, https:\/\/rejsedagbog.jnaasnet.dk\/wp-content\/uploads\/2020\/07\/image-6-768x576.png 768w, https:\/\/rejsedagbog.jnaasnet.dk\/wp-content\/uploads\/2020\/07\/image-6-1536x1152.png 1536w, https:\/\/rejsedagbog.jnaasnet.dk\/wp-content\/uploads\/2020\/07\/image-6-2048x1536.png 2048w, https:\/\/rejsedagbog.jnaasnet.dk\/wp-content\/uploads\/2020\/07\/image-6-1600x1200.png 1600w\" sizes=\"auto, (max-width: 4608px) 100vw, 4608px\" \/><\/figure>\n\n\n\n<figure class=\"wp-block-image size-large\"><img loading=\"lazy\" decoding=\"async\" width=\"2268\" height=\"4032\" src=\"https:\/\/rejsedagbog.jnaasnet.dk\/wp-content\/uploads\/2020\/07\/image-1.png\" alt=\"\" class=\"wp-image-31\" srcset=\"https:\/\/rejsedagbog.jnaasnet.dk\/wp-content\/uploads\/2020\/07\/image-1.png 2268w, https:\/\/rejsedagbog.jnaasnet.dk\/wp-content\/uploads\/2020\/07\/image-1-169x300.png 169w, https:\/\/rejsedagbog.jnaasnet.dk\/wp-content\/uploads\/2020\/07\/image-1-576x1024.png 576w, https:\/\/rejsedagbog.jnaasnet.dk\/wp-content\/uploads\/2020\/07\/image-1-768x1365.png 768w, https:\/\/rejsedagbog.jnaasnet.dk\/wp-content\/uploads\/2020\/07\/image-1-864x1536.png 864w, https:\/\/rejsedagbog.jnaasnet.dk\/wp-content\/uploads\/2020\/07\/image-1-1152x2048.png 1152w, https:\/\/rejsedagbog.jnaasnet.dk\/wp-content\/uploads\/2020\/07\/image-1-1600x2844.png 1600w\" sizes=\"auto, (max-width: 2268px) 100vw, 2268px\" \/><\/figure>\n\n\n\n<figure class=\"wp-block-video aligncenter\"><video height=\"640\" style=\"aspect-ratio: 360 \/ 640;\" width=\"360\" controls src=\"https:\/\/rejsedagbog.jnaasnet.dk\/wp-content\/uploads\/2020\/07\/download_20200701_215513.mp4\"><\/video><\/figure>\n\n\n\n<div class=\"wp-block-image\"><figure class=\"aligncenter size-large\"><img loading=\"lazy\" decoding=\"async\" width=\"593\" height=\"1024\" src=\"https:\/\/rejsedagbog.jnaasnet.dk\/wp-content\/uploads\/2020\/07\/Screenshot_20200709-011848_Maps.png-593x1024.jpg\" alt=\"\" class=\"wp-image-208\" srcset=\"https:\/\/rejsedagbog.jnaasnet.dk\/wp-content\/uploads\/2020\/07\/Screenshot_20200709-011848_Maps.png-593x1024.jpg 593w, https:\/\/rejsedagbog.jnaasnet.dk\/wp-content\/uploads\/2020\/07\/Screenshot_20200709-011848_Maps.png-174x300.jpg 174w, https:\/\/rejsedagbog.jnaasnet.dk\/wp-content\/uploads\/2020\/07\/Screenshot_20200709-011848_Maps.png-768x1326.jpg 768w, https:\/\/rejsedagbog.jnaasnet.dk\/wp-content\/uploads\/2020\/07\/Screenshot_20200709-011848_Maps.png-889x1536.jpg 889w, https:\/\/rejsedagbog.jnaasnet.dk\/wp-content\/uploads\/2020\/07\/Screenshot_20200709-011848_Maps.png.jpg 1080w\" sizes=\"auto, (max-width: 593px) 100vw, 593px\" \/><figcaption>Dagens etape<\/figcaption><\/figure><\/div>\n\n\n\n<p class=\"has-text-align-center\"><a href=\"https:\/\/rejsedagbog.jnaasnet.dk\/?page_id=40\">N\u00e6ste<\/a><\/p>\n","protected":false},"excerpt":{"rendered":"<p>Tirsdag den 30. juni 2020 Den planlagte ankomst til Gedser var kl. 11, men vi var allerede fremme kl. 9.15.&hellip;<\/p>\n","protected":false},"author":1,"featured_media":0,"parent":25,"menu_order":1,"comment_status":"closed","ping_status":"closed","template":"","meta":{"footnotes":""},"class_list":["post-28","page","type-page","status-publish","hentry"],"_links":{"self":[{"href":"https:\/\/rejsedagbog.jnaasnet.dk\/index.php?rest_route=\/wp\/v2\/pages\/28","targetHints":{"allow":["GET"]}}],"collection":[{"href":"https:\/\/rejsedagbog.jnaasnet.dk\/index.php?rest_route=\/wp\/v2\/pages"}],"about":[{"href":"https:\/\/rejsedagbog.jnaasnet.dk\/index.php?rest_route=\/wp\/v2\/types\/page"}],"author":[{"embeddable":true,"href":"https:\/\/rejsedagbog.jnaasnet.dk\/index.php?rest_route=\/wp\/v2\/users\/1"}],"replies":[{"embeddable":true,"href":"https:\/\/rejsedagbog.jnaasnet.dk\/index.php?rest_route=%2Fwp%2Fv2%2Fcomments&post=28"}],"version-history":[{"count":15,"href":"https:\/\/rejsedagbog.jnaasnet.dk\/index.php?rest_route=\/wp\/v2\/pages\/28\/revisions"}],"predecessor-version":[{"id":438,"href":"https:\/\/rejsedagbog.jnaasnet.dk\/index.php?rest_route=\/wp\/v2\/pages\/28\/revisions\/438"}],"up":[{"embeddable":true,"href":"https:\/\/rejsedagbog.jnaasnet.dk\/index.php?rest_route=\/wp\/v2\/pages\/25"}],"wp:attachment":[{"href":"https:\/\/rejsedagbog.jnaasnet.dk\/index.php?rest_route=%2Fwp%2Fv2%2Fmedia&parent=28"}],"curies":[{"name":"wp","href":"https:\/\/api.w.org\/{rel}","templated":true}]}}