{"id":25,"date":"2020-07-08T02:15:10","date_gmt":"2020-07-08T00:15:10","guid":{"rendered":"https:\/\/rejsedagbog.jnaasnet.dk\/?page_id=25"},"modified":"2020-07-10T00:50:07","modified_gmt":"2020-07-09T22:50:07","slug":"sommer-2020-tyskland-roadtrip","status":"publish","type":"page","link":"https:\/\/rejsedagbog.jnaasnet.dk\/?page_id=25","title":{"rendered":"Sommer 2020 &#8211; Tyskland &#8211; Roadtrip"},"content":{"rendered":"\n<div class=\"wp-block-columns is-layout-flex wp-container-core-columns-is-layout-9d6595d7 wp-block-columns-is-layout-flex\">\n<div class=\"wp-block-column is-layout-flow wp-block-column-is-layout-flow\" style=\"flex-basis:66.66%\">\n<p>De er m\u00e5ske de f\u00e6rreste i verden, hvis sommerplaner blev helt som planlagt. Verden blev vendt p\u00e5 hovedet i for\u00e5ret 2020, da COVID-19 lukkede lande og gr\u00e6nser. Vi havde k\u00f8bt flybilletter til Milano i marts og skulle have en tiltr\u00e6ngt for\u00e5rsferie ved Comos\u00f8en, men Lombardiet og Milano blev pludselig helt udelukket. Turen gik derfor til sommerhus p\u00e5 R\u00f8m\u00f8. <\/p>\n\n\n\n<p>Vi havde planlagt endnu en uge ved Comos\u00f8en i den f\u00f8rste uge i juli og havde to uger i slutningen af juli, som stod \u00e5bne. Vi h\u00e5bede og troede i lang tid p\u00e5, at vi stadig kunne komme til Italien. Da vi n\u00e5ede hen i begyndelsen af juni besluttede vi at overveje en plan B. Hertil kom at Jonas fik nyt job fra 1. juli og det derfor var hensigtsm\u00e6ssigt at afholde ferien samlet.<\/p>\n\n\n\n<p>Jonas har l\u00e6\u00e6\u00e6nge talt om k\u00f8referie. Signe har v\u00e6ret afvisende. Men da gr\u00e6nsen til Tyskland blev \u00e5bnet, \u00e5bnede der sig samtidig en kattelem. Lang historie kort: Tyskland rundt det blev. Det kan du l\u00e6se om p\u00e5 siderne nedenfor.<\/p>\n\n\n\n<p>Vi har lavet en side per dag p\u00e5 vores tur gennem Tyskland.<\/p>\n<\/div>\n\n\n\n<div class=\"wp-block-column is-layout-flow wp-block-column-is-layout-flow\" style=\"flex-basis:33.33%\">\n<p><em><div id=\"ccchildpages-1\" class=\"ccchildpages  simple ccclearfix\"><ul class=\"ccchildpages_list ccclearfix\"><li class=\"page_item page-item-28\"><a href=\"https:\/\/rejsedagbog.jnaasnet.dk\/?page_id=28\">Dag #1: Afrejse &#8211; K\u00f8benhavn &#8211; Wittenberg<\/a><\/li>\n<li class=\"page_item page-item-40\"><a href=\"https:\/\/rejsedagbog.jnaasnet.dk\/?page_id=40\">Dag #2: Wittenberg-Dresden-N\u00fcrnberg<\/a><\/li>\n<li class=\"page_item page-item-77\"><a href=\"https:\/\/rejsedagbog.jnaasnet.dk\/?page_id=77\">Dag #3: N\u00fcrnberg<\/a><\/li>\n<li class=\"page_item page-item-110\"><a href=\"https:\/\/rejsedagbog.jnaasnet.dk\/?page_id=110\">Dag #4: N\u00fcrnberg &#8211; Ingolstadt &#8211; Dachau &#8211; M\u00fcnchen<\/a><\/li>\n<li class=\"page_item page-item-118\"><a href=\"https:\/\/rejsedagbog.jnaasnet.dk\/?page_id=118\">Dag #5: M\u00fcnchen<\/a><\/li>\n<li class=\"page_item page-item-134\"><a href=\"https:\/\/rejsedagbog.jnaasnet.dk\/?page_id=134\">Dag #6: M\u00fcnchen &#8211; F\u00fcssen<\/a><\/li>\n<li class=\"page_item page-item-153\"><a href=\"https:\/\/rejsedagbog.jnaasnet.dk\/?page_id=153\">Dag #7: F\u00fcssen\/Schlo\u00df Neuschwanstein<\/a><\/li>\n<li class=\"page_item page-item-165\"><a href=\"https:\/\/rejsedagbog.jnaasnet.dk\/?page_id=165\">Dag #8: F\u00fcssen &#8211; Lindau (Bodensee)-Freiburg<\/a><\/li>\n<li class=\"page_item page-item-51\"><a href=\"https:\/\/rejsedagbog.jnaasnet.dk\/?page_id=51\">Dag #9: Freiburg &#8211; Baden-Baden &#8211; Heidelberg<\/a><\/li>\n<li class=\"page_item page-item-247\"><a href=\"https:\/\/rejsedagbog.jnaasnet.dk\/?page_id=247\">Dag #10: Heidelberg &#8211; Vin-shopping og slotsruiner<\/a><\/li>\n<li class=\"page_item page-item-307\"><a href=\"https:\/\/rejsedagbog.jnaasnet.dk\/?page_id=307\">Dag #11: Heidelberg &#8211;  (mere) slot og spontan shopping<\/a><\/li>\n<li class=\"page_item page-item-341\"><a href=\"https:\/\/rejsedagbog.jnaasnet.dk\/?page_id=341\">Dag #12: Heidelberg &#8211; Cocham &#8211; Eifel\/Manderscheid<\/a><\/li>\n<li class=\"page_item page-item-382\"><a href=\"https:\/\/rejsedagbog.jnaasnet.dk\/?page_id=382\">Dag #13: Eifel\/Manderscheid<\/a><\/li>\n<li class=\"page_item page-item-411\"><a href=\"https:\/\/rejsedagbog.jnaasnet.dk\/?page_id=411\">Dag #14: Manderscheid &#8211; Lieser &#8211; Burg Eltz &#8211; K\u00f6ln<\/a><\/li>\n<li class=\"page_item page-item-448\"><a href=\"https:\/\/rejsedagbog.jnaasnet.dk\/?page_id=448\">Dag #15: K\u00f6ln &#8211; Hamborg (Hamburg)<\/a><\/li>\n<li class=\"page_item page-item-482\"><a href=\"https:\/\/rejsedagbog.jnaasnet.dk\/?page_id=482\">Dag #16: Hamborg<\/a><\/li>\n<li class=\"page_item page-item-527\"><a href=\"https:\/\/rejsedagbog.jnaasnet.dk\/?page_id=527\">Dag #17: Hamborg<\/a><\/li><\/ul><\/div><\/em><\/p>\n<\/div>\n<\/div>\n","protected":false},"excerpt":{"rendered":"<p>De er m\u00e5ske de f\u00e6rreste i verden, hvis sommerplaner blev helt som planlagt. Verden blev vendt p\u00e5 hovedet i for\u00e5ret&hellip;<\/p>\n","protected":false},"author":1,"featured_media":0,"parent":2,"menu_order":1,"comment_status":"closed","ping_status":"closed","template":"","meta":{"footnotes":""},"class_list":["post-25","page","type-page","status-publish","hentry"],"_links":{"self":[{"href":"https:\/\/rejsedagbog.jnaasnet.dk\/index.php?rest_route=\/wp\/v2\/pages\/25","targetHints":{"allow":["GET"]}}],"collection":[{"href":"https:\/\/rejsedagbog.jnaasnet.dk\/index.php?rest_route=\/wp\/v2\/pages"}],"about":[{"href":"https:\/\/rejsedagbog.jnaasnet.dk\/index.php?rest_route=\/wp\/v2\/types\/page"}],"author":[{"embeddable":true,"href":"https:\/\/rejsedagbog.jnaasnet.dk\/index.php?rest_route=\/wp\/v2\/users\/1"}],"replies":[{"embeddable":true,"href":"https:\/\/rejsedagbog.jnaasnet.dk\/index.php?rest_route=%2Fwp%2Fv2%2Fcomments&post=25"}],"version-history":[{"count":6,"href":"https:\/\/rejsedagbog.jnaasnet.dk\/index.php?rest_route=\/wp\/v2\/pages\/25\/revisions"}],"predecessor-version":[{"id":287,"href":"https:\/\/rejsedagbog.jnaasnet.dk\/index.php?rest_route=\/wp\/v2\/pages\/25\/revisions\/287"}],"up":[{"embeddable":true,"href":"https:\/\/rejsedagbog.jnaasnet.dk\/index.php?rest_route=\/wp\/v2\/pages\/2"}],"wp:attachment":[{"href":"https:\/\/rejsedagbog.jnaasnet.dk\/index.php?rest_route=%2Fwp%2Fv2%2Fmedia&parent=25"}],"curies":[{"name":"wp","href":"https:\/\/api.w.org\/{rel}","templated":true}]}}