{"id":2,"date":"2020-07-08T00:26:59","date_gmt":"2020-07-07T22:26:59","guid":{"rendered":"https:\/\/rejsedagbog.jnaasnet.dk\/?page_id=2"},"modified":"2020-07-10T08:52:30","modified_gmt":"2020-07-10T06:52:30","slug":"eksempel-side","status":"publish","type":"page","link":"https:\/\/rejsedagbog.jnaasnet.dk\/","title":{"rendered":"Vores rejsedagbog og m\u00e5ske andre oplevelser"},"content":{"rendered":"\n<div class=\"wp-block-columns is-layout-flex wp-container-core-columns-is-layout-9d6595d7 wp-block-columns-is-layout-flex\">\n<div class=\"wp-block-column is-layout-flow wp-block-column-is-layout-flow\" style=\"flex-basis:66.66%\">\n<p>Vi vil gerne dele vores rejseoplevelser med dem vi kender. Derfor har vi lavet denne blog, som egentlig begyndte med en rejsedagbog til os selv, da vi tog p\u00e5 18 dages k\u00f8referie i Tyskland i sommeren 2020. Vi havde en id\u00e9 om at der ville v\u00e6re mange indtryk hver dag og det derfor ville v\u00e6re rart at kunne skelne dem fra hinanden. Allerede efter tre dage viste det sig at v\u00e6re en god plan og rart at kunne g\u00e5 tilbage.<\/p>\n\n\n\n<p>Efterh\u00e5nden udviklede dagbogen sig og tog form til noget, som andre &#8211; muligvis mest vores for\u00e6ldre &#8211; ogs\u00e5 kunne l\u00e6se med i.<\/p>\n\n\n\n<p>Nu ligger bloggen der. Fremover kan vi derfor ogs\u00e5 dele andre og nye oplevelser &#8211; ligesom med rejsebreve og postkort, som f\u00f8rst n\u00e5r frem til modtageren 4 uger efter hjemkomst. <\/p>\n<\/div>\n\n\n\n<div class=\"wp-block-column is-layout-flow wp-block-column-is-layout-flow\" style=\"flex-basis:33.33%\">\n<div id=\"ccchildpages-1\" class=\"ccchildpages  simple ccclearfix\"><ul class=\"ccchildpages_list ccclearfix\"><li class=\"page_item page-item-25 page_item_has_children\"><a href=\"https:\/\/rejsedagbog.jnaasnet.dk\/?page_id=25\">Sommer 2020 &#8211; Tyskland &#8211; Roadtrip<\/a><\/li><\/ul><\/div>\n<\/div>\n<\/div>\n","protected":false},"excerpt":{"rendered":"<p>Vi vil gerne dele vores rejseoplevelser med dem vi kender. Derfor har vi lavet denne blog, som egentlig begyndte med&hellip;<\/p>\n","protected":false},"author":1,"featured_media":0,"parent":0,"menu_order":0,"comment_status":"closed","ping_status":"open","template":"","meta":{"footnotes":""},"class_list":["post-2","page","type-page","status-publish","hentry"],"_links":{"self":[{"href":"https:\/\/rejsedagbog.jnaasnet.dk\/index.php?rest_route=\/wp\/v2\/pages\/2","targetHints":{"allow":["GET"]}}],"collection":[{"href":"https:\/\/rejsedagbog.jnaasnet.dk\/index.php?rest_route=\/wp\/v2\/pages"}],"about":[{"href":"https:\/\/rejsedagbog.jnaasnet.dk\/index.php?rest_route=\/wp\/v2\/types\/page"}],"author":[{"embeddable":true,"href":"https:\/\/rejsedagbog.jnaasnet.dk\/index.php?rest_route=\/wp\/v2\/users\/1"}],"replies":[{"embeddable":true,"href":"https:\/\/rejsedagbog.jnaasnet.dk\/index.php?rest_route=%2Fwp%2Fv2%2Fcomments&post=2"}],"version-history":[{"count":8,"href":"https:\/\/rejsedagbog.jnaasnet.dk\/index.php?rest_route=\/wp\/v2\/pages\/2\/revisions"}],"predecessor-version":[{"id":302,"href":"https:\/\/rejsedagbog.jnaasnet.dk\/index.php?rest_route=\/wp\/v2\/pages\/2\/revisions\/302"}],"wp:attachment":[{"href":"https:\/\/rejsedagbog.jnaasnet.dk\/index.php?rest_route=%2Fwp%2Fv2%2Fmedia&parent=2"}],"curies":[{"name":"wp","href":"https:\/\/api.w.org\/{rel}","templated":true}]}}