{"id":134,"date":"2020-07-08T23:26:52","date_gmt":"2020-07-08T21:26:52","guid":{"rendered":"https:\/\/rejsedagbog.jnaasnet.dk\/?page_id=134"},"modified":"2020-10-20T21:18:06","modified_gmt":"2020-10-20T19:18:06","slug":"dag-6-munchen-fussen","status":"publish","type":"page","link":"https:\/\/rejsedagbog.jnaasnet.dk\/?page_id=134","title":{"rendered":"Dag #6: M\u00fcnchen &#8211; F\u00fcssen"},"content":{"rendered":"\n<h4 class=\"wp-block-heading\">S\u00f8ndag den 5. juli 2020<\/h4>\n\n\n\n<p>Vi pakkede sammen, spiste morgenmad p\u00e5 v\u00e6relset og smurte madpakker. Vi forlod hotellet kl. halv ti og satte kurs mod F\u00fcssen via landevej. Landskabet var fortsat relativt fladt, men efter en times k\u00f8rsel kunne vi begynde at se bjerge i horisonten &#8211; fine Toblerone-toppe med sne p\u00e5 &#8211; og pludselig kom der ogs\u00e5 en st\u00f8rre stigning. Herfra blev det mere bakket igen. Fiestaen klarer akkurat stigningerne, men det er tydeligt, at de, der m\u00e5tte ligge bag os, har lidt flere hestekrafter.<\/p>\n\n\n\n<figure class=\"wp-block-image size-large\"><img loading=\"lazy\" decoding=\"async\" width=\"768\" height=\"1024\" src=\"https:\/\/rejsedagbog.jnaasnet.dk\/wp-content\/uploads\/2020\/07\/image-70-768x1024.png\" alt=\"\" class=\"wp-image-136\" srcset=\"https:\/\/rejsedagbog.jnaasnet.dk\/wp-content\/uploads\/2020\/07\/image-70-768x1024.png 768w, https:\/\/rejsedagbog.jnaasnet.dk\/wp-content\/uploads\/2020\/07\/image-70-225x300.png 225w, https:\/\/rejsedagbog.jnaasnet.dk\/wp-content\/uploads\/2020\/07\/image-70-1152x1536.png 1152w, https:\/\/rejsedagbog.jnaasnet.dk\/wp-content\/uploads\/2020\/07\/image-70-1536x2048.png 1536w, https:\/\/rejsedagbog.jnaasnet.dk\/wp-content\/uploads\/2020\/07\/image-70-1600x2133.png 1600w\" sizes=\"auto, (max-width: 768px) 100vw, 768px\" \/><\/figure>\n\n\n\n<figure class=\"wp-block-image size-large\"><img loading=\"lazy\" decoding=\"async\" width=\"768\" height=\"1024\" src=\"https:\/\/rejsedagbog.jnaasnet.dk\/wp-content\/uploads\/2020\/07\/image-71-768x1024.png\" alt=\"\" class=\"wp-image-137\" srcset=\"https:\/\/rejsedagbog.jnaasnet.dk\/wp-content\/uploads\/2020\/07\/image-71-768x1024.png 768w, https:\/\/rejsedagbog.jnaasnet.dk\/wp-content\/uploads\/2020\/07\/image-71-225x300.png 225w, https:\/\/rejsedagbog.jnaasnet.dk\/wp-content\/uploads\/2020\/07\/image-71-1152x1536.png 1152w, https:\/\/rejsedagbog.jnaasnet.dk\/wp-content\/uploads\/2020\/07\/image-71-1536x2048.png 1536w, https:\/\/rejsedagbog.jnaasnet.dk\/wp-content\/uploads\/2020\/07\/image-71-1600x2133.png 1600w\" sizes=\"auto, (max-width: 768px) 100vw, 768px\" \/><\/figure>\n\n\n\n<p>Vi fandt vores hostel i F\u00fcssen, da vi ankom ved 12-tiden, men der var ikke nogen i receptionen f\u00f8r kl. 16, s\u00e5 vi k\u00f8rte en tur p\u00e5 \u201cstranden\u201d, hvor vi slog tiden ihjel med at spise madpakker, apfelstrodel mit sahne, spille kort, kigge ud over s\u00f8en og et enkelt dyp blev det ogs\u00e5 til.<\/p>\n\n\n\n<figure class=\"wp-block-image size-large\"><img loading=\"lazy\" decoding=\"async\" width=\"768\" height=\"1024\" src=\"https:\/\/rejsedagbog.jnaasnet.dk\/wp-content\/uploads\/2020\/07\/image-75-768x1024.png\" alt=\"\u0632\u064a\u0627- \u0645\u0644\u0627 \n\u0643 \n\u0641 \" class=\"wp-image-142\" srcset=\"https:\/\/rejsedagbog.jnaasnet.dk\/wp-content\/uploads\/2020\/07\/image-75-768x1024.png 768w, https:\/\/rejsedagbog.jnaasnet.dk\/wp-content\/uploads\/2020\/07\/image-75-225x300.png 225w, https:\/\/rejsedagbog.jnaasnet.dk\/wp-content\/uploads\/2020\/07\/image-75-1152x1536.png 1152w, https:\/\/rejsedagbog.jnaasnet.dk\/wp-content\/uploads\/2020\/07\/image-75-1536x2048.png 1536w, https:\/\/rejsedagbog.jnaasnet.dk\/wp-content\/uploads\/2020\/07\/image-75-1600x2133.png 1600w\" sizes=\"auto, (max-width: 768px) 100vw, 768px\" \/><\/figure>\n\n\n\n<p>Da vi havde checket in og sat vores ting p\u00e5 v\u00e6relset, gik vi en tur op og s\u00e5 vandfaldet, hvor vi spiste en is\/toast. F\u00fcssen ligger ved Zugspitze som er Tysklands h\u00f8jeste bjerg, og slottet i byen er en gammel f\u00e6stning der kan dateres tilbage til 1100 tallet og senere udbygget. Det er opf\u00f8rt som forsvarsv\u00e6rk i forbindelse med en romersk handelsrute der krydser floden. Floden har ogs\u00e5 v\u00e6ret livsn\u00e6rven for senere industri, herunder en stor tekstilfabrik.<\/p>\n\n\n\n<figure class=\"wp-block-image size-large\"><img loading=\"lazy\" decoding=\"async\" width=\"768\" height=\"1024\" src=\"https:\/\/rejsedagbog.jnaasnet.dk\/wp-content\/uploads\/2020\/07\/image-76-768x1024.png\" alt=\"\u9a40 \u5f4e \u3050 \" class=\"wp-image-143\" srcset=\"https:\/\/rejsedagbog.jnaasnet.dk\/wp-content\/uploads\/2020\/07\/image-76-768x1024.png 768w, https:\/\/rejsedagbog.jnaasnet.dk\/wp-content\/uploads\/2020\/07\/image-76-225x300.png 225w, https:\/\/rejsedagbog.jnaasnet.dk\/wp-content\/uploads\/2020\/07\/image-76-1152x1536.png 1152w, https:\/\/rejsedagbog.jnaasnet.dk\/wp-content\/uploads\/2020\/07\/image-76-1536x2048.png 1536w, https:\/\/rejsedagbog.jnaasnet.dk\/wp-content\/uploads\/2020\/07\/image-76-1600x2133.png 1600w\" sizes=\"auto, (max-width: 768px) 100vw, 768px\" \/><\/figure>\n\n\n\n<p>P\u00e5 vej tilbage slog vi et smut omkring et af slottene.<\/p>\n\n\n\n<p>N\u00e5r man kommer lige fra M\u00fcnchen, hvor de fleste bygninger er sirligt dekoreret med diverse udsmykninger og udsk\u00e5ren ornamentering, er det interessant at se, hvordan udsmykningen p\u00e5 mange af bygningerne her &#8211; ogs\u00e5 slottene &#8211; er p\u00e5f\u00f8rt disse dekorationer med maling\/tegning.<\/p>\n\n\n\n<figure class=\"wp-block-image size-large\"><img loading=\"lazy\" decoding=\"async\" width=\"1024\" height=\"485\" src=\"https:\/\/rejsedagbog.jnaasnet.dk\/wp-content\/uploads\/2020\/07\/image-73-1024x485.png\" alt=\"\u3044 \u300a \u3044 \u30ea \u30fb \u3001 \u3092 \u30fb \u30c8 40 \u30fc \n\u25a0 \u7b2c \n\u25a0 \u25a0 \n\u25a0 \u25a0 \u25a0 \u7b2c \n\u25a0 \u25a0 \n\u25a0 \u25a0 \u25a0 \" class=\"wp-image-140\" srcset=\"https:\/\/rejsedagbog.jnaasnet.dk\/wp-content\/uploads\/2020\/07\/image-73-1024x485.png 1024w, https:\/\/rejsedagbog.jnaasnet.dk\/wp-content\/uploads\/2020\/07\/image-73-300x142.png 300w, https:\/\/rejsedagbog.jnaasnet.dk\/wp-content\/uploads\/2020\/07\/image-73-768x364.png 768w, https:\/\/rejsedagbog.jnaasnet.dk\/wp-content\/uploads\/2020\/07\/image-73-1536x728.png 1536w, https:\/\/rejsedagbog.jnaasnet.dk\/wp-content\/uploads\/2020\/07\/image-73-2048x971.png 2048w, https:\/\/rejsedagbog.jnaasnet.dk\/wp-content\/uploads\/2020\/07\/image-73-1600x758.png 1600w\" sizes=\"auto, (max-width: 1024px) 100vw, 1024px\" \/><\/figure>\n\n\n\n<p>Fint er det alligevel, selvom det n\u00e6sten kommer til at fremst\u00e5 som en teaterkulisse. P\u00e5 vejen ud, kiggede vi gennem et hul i en port, hvor Signe spottede en hindb\u00e6rplante, som vi s\u00e5 fandt vej til.<\/p>\n\n\n\n<p>Herefter gik jagten ind p\u00e5 aftensmad. Det tager os gerne lidt tid at finde ud af hvad maven egentlig tr\u00e6nger til og s\u00e5 finde det helt rigtige match ogs\u00e5. Det kan godt tage mange skridt.<\/p>\n\n\n\n<p>P\u00e5 vejen blev vi antastet af en \u00e6ldre mand p\u00e5 scooter, der lignede \u00e9n der godt kunne lide \u00f8l. Han insisterede p\u00e5, at vi skulle g\u00e5 op p\u00e5 den n\u00e6rmeste bjergtop, hvor man, hvorfra hvor vi stod, kunne se tre store kors. Derfra ville vi kunne se fem slotte, sagde han. Vi takkede for tippet og et \u00f8jeblik senere, kunne vi h\u00f8re ham give samme tale til nogle andre turister. Signe var overbevist om, at manden havde skumle bagtanker med at lokke s\u00e5 mange irriterende turister i en f\u00e6lde, for s\u00e5 at sp\u00e6rre dem inde i et pandekagehus. Det skal lige siges, at selvom det er Corona-tid og der tydeligvis ikke er n\u00e6r s\u00e5 mange turister i byen som der er plads til, s\u00e5 er der stadig flest turister p\u00e5 gaderne. Der er fyldt med overnatningssteder, s\u00e5 det er ikke usandsynligt at nogle af de lokale, m\u00e5 v\u00e6re tr\u00e6tte af turismen.<\/p>\n\n\n\n<p>N\u00e5, vi fandt en wienerschnitzel mit pommes, men Jonas kunne ikke helt slippe mandens tip. Efter lidt overtalelse, fik han Signe med p\u00e5 id\u00e9en, men da klokken var 20.15 og solen ville g\u00e5 ned kl. 21.15, skulle det g\u00e5 lidt hurtigt. Vi str\u00f8g tilbage til v\u00e6relset og skiftede sko og hentede lidt koldt at drikke. Vi havde set kirken, hvor stien begyndte, p\u00e5 vej op til vandfaldet. Herfra gik det op, op, op i 18 minutter. Det gav associationer til f\u00f8rste sommer ved Como sidste \u00e5r. P\u00e5 vejen var der flere kapeller og andre kristne skulpturer\/monomenter.<\/p>\n\n\n\n<figure class=\"wp-block-image size-large\"><img loading=\"lazy\" decoding=\"async\" width=\"768\" height=\"1024\" src=\"https:\/\/rejsedagbog.jnaasnet.dk\/wp-content\/uploads\/2020\/07\/image-78-768x1024.png\" alt=\": \u306b \u30c8 \u7b2c \u30a3 \n\u7b2c \u6d0b \u30c3 \n\u3001 2 0. \u3092 40. \u30e4 : \u3092 \n\u30eb \u3044 , \u3044 \u6238 \u7b2c \u30fb \u3044 : \u30c8 \u3001 \u4ea0 \u3092 \n\u30c4 \u5143 \u306e \n, \u7b2c \u30c4 \" class=\"wp-image-146\" srcset=\"https:\/\/rejsedagbog.jnaasnet.dk\/wp-content\/uploads\/2020\/07\/image-78-768x1024.png 768w, https:\/\/rejsedagbog.jnaasnet.dk\/wp-content\/uploads\/2020\/07\/image-78-225x300.png 225w, https:\/\/rejsedagbog.jnaasnet.dk\/wp-content\/uploads\/2020\/07\/image-78-1152x1536.png 1152w, https:\/\/rejsedagbog.jnaasnet.dk\/wp-content\/uploads\/2020\/07\/image-78-1536x2048.png 1536w, https:\/\/rejsedagbog.jnaasnet.dk\/wp-content\/uploads\/2020\/07\/image-78-1600x2133.png 1600w\" sizes=\"auto, (max-width: 768px) 100vw, 768px\" \/><\/figure>\n\n\n\n<p>Pludselig var vi der og p\u00e5 toppen af det hele, var der rigtig nok en smuk udsigt over s\u00f8er, F\u00fcssen og slottene (og ingen skumle, sultne m\u00e6nd). Her kunne vi s\u00e5 st\u00e5 og drikke en \u00f8l\/danskvand, imens vi s\u00e5 solen g\u00e5 ned.<\/p>\n\n\n\n<figure class=\"wp-block-image size-large\"><img loading=\"lazy\" decoding=\"async\" width=\"1024\" height=\"768\" src=\"https:\/\/rejsedagbog.jnaasnet.dk\/wp-content\/uploads\/2020\/07\/20200705_210707-1024x768.jpg\" alt=\"\" class=\"wp-image-203\" srcset=\"https:\/\/rejsedagbog.jnaasnet.dk\/wp-content\/uploads\/2020\/07\/20200705_210707-1024x768.jpg 1024w, https:\/\/rejsedagbog.jnaasnet.dk\/wp-content\/uploads\/2020\/07\/20200705_210707-300x225.jpg 300w, https:\/\/rejsedagbog.jnaasnet.dk\/wp-content\/uploads\/2020\/07\/20200705_210707-768x576.jpg 768w, https:\/\/rejsedagbog.jnaasnet.dk\/wp-content\/uploads\/2020\/07\/20200705_210707-1536x1152.jpg 1536w, https:\/\/rejsedagbog.jnaasnet.dk\/wp-content\/uploads\/2020\/07\/20200705_210707-2048x1536.jpg 2048w, https:\/\/rejsedagbog.jnaasnet.dk\/wp-content\/uploads\/2020\/07\/20200705_210707-1600x1200.jpg 1600w\" sizes=\"auto, (max-width: 1024px) 100vw, 1024px\" \/><\/figure>\n\n\n\n<figure class=\"wp-block-image size-large\"><img loading=\"lazy\" decoding=\"async\" width=\"768\" height=\"1024\" src=\"https:\/\/rejsedagbog.jnaasnet.dk\/wp-content\/uploads\/2020\/07\/image-79-768x1024.png\" alt=\"\" class=\"wp-image-147\" srcset=\"https:\/\/rejsedagbog.jnaasnet.dk\/wp-content\/uploads\/2020\/07\/image-79-768x1024.png 768w, https:\/\/rejsedagbog.jnaasnet.dk\/wp-content\/uploads\/2020\/07\/image-79-225x300.png 225w, https:\/\/rejsedagbog.jnaasnet.dk\/wp-content\/uploads\/2020\/07\/image-79-1152x1536.png 1152w, https:\/\/rejsedagbog.jnaasnet.dk\/wp-content\/uploads\/2020\/07\/image-79-1536x2048.png 1536w, https:\/\/rejsedagbog.jnaasnet.dk\/wp-content\/uploads\/2020\/07\/image-79-1600x2133.png 1600w\" sizes=\"auto, (max-width: 768px) 100vw, 768px\" \/><\/figure>\n\n\n\n<p>Vi skulle n\u00e5 ned inden det blev m\u00f8rkt, og inden vi blev \u00e6dt af myg. Men hov, hvad var det? Det var da s\u00f8rme skovjordb\u00e6r, s\u00e5 dessert blev det ogs\u00e5 til i dag.<\/p>\n\n\n\n<figure class=\"wp-block-image size-large\"><img loading=\"lazy\" decoding=\"async\" width=\"768\" height=\"1024\" src=\"https:\/\/rejsedagbog.jnaasnet.dk\/wp-content\/uploads\/2020\/07\/Billede-uden-titel3-768x1024.png\" alt=\"\" class=\"wp-image-150\" srcset=\"https:\/\/rejsedagbog.jnaasnet.dk\/wp-content\/uploads\/2020\/07\/Billede-uden-titel3-768x1024.png 768w, https:\/\/rejsedagbog.jnaasnet.dk\/wp-content\/uploads\/2020\/07\/Billede-uden-titel3-225x300.png 225w, https:\/\/rejsedagbog.jnaasnet.dk\/wp-content\/uploads\/2020\/07\/Billede-uden-titel3-1152x1536.png 1152w, https:\/\/rejsedagbog.jnaasnet.dk\/wp-content\/uploads\/2020\/07\/Billede-uden-titel3-1536x2048.png 1536w, https:\/\/rejsedagbog.jnaasnet.dk\/wp-content\/uploads\/2020\/07\/Billede-uden-titel3-1600x2133.png 1600w\" sizes=\"auto, (max-width: 768px) 100vw, 768px\" \/><\/figure>\n\n\n\n<p>Vi var smurt med djungleolie, men de tyske myg kan \u00e5benbart ikke forst\u00e5 svensk anti-myggemiddel.<\/p>\n\n\n\n<figure class=\"wp-block-image size-large\"><img loading=\"lazy\" decoding=\"async\" width=\"713\" height=\"1024\" src=\"https:\/\/rejsedagbog.jnaasnet.dk\/wp-content\/uploads\/2020\/07\/Screenshot_20200709-012102_Maps.png-713x1024.jpg\" alt=\"\" class=\"wp-image-217\" srcset=\"https:\/\/rejsedagbog.jnaasnet.dk\/wp-content\/uploads\/2020\/07\/Screenshot_20200709-012102_Maps.png-713x1024.jpg 713w, https:\/\/rejsedagbog.jnaasnet.dk\/wp-content\/uploads\/2020\/07\/Screenshot_20200709-012102_Maps.png-209x300.jpg 209w, https:\/\/rejsedagbog.jnaasnet.dk\/wp-content\/uploads\/2020\/07\/Screenshot_20200709-012102_Maps.png-768x1103.jpg 768w, https:\/\/rejsedagbog.jnaasnet.dk\/wp-content\/uploads\/2020\/07\/Screenshot_20200709-012102_Maps.png-1070x1536.jpg 1070w, https:\/\/rejsedagbog.jnaasnet.dk\/wp-content\/uploads\/2020\/07\/Screenshot_20200709-012102_Maps.png.jpg 1080w\" sizes=\"auto, (max-width: 713px) 100vw, 713px\" \/><figcaption>Dagens etape<\/figcaption><\/figure>\n\n\n\n<div class=\"wp-block-columns is-layout-flex wp-container-core-columns-is-layout-9d6595d7 wp-block-columns-is-layout-flex\">\n<div class=\"wp-block-column is-layout-flow wp-block-column-is-layout-flow\">\n<p class=\"has-text-align-center\"><a href=\"https:\/\/rejsedagbog.jnaasnet.dk\/?page_id=118\">Tilbage<\/a><\/p>\n<\/div>\n\n\n\n<div class=\"wp-block-column is-layout-flow wp-block-column-is-layout-flow\">\n<p class=\"has-text-align-center\"><a href=\"https:\/\/rejsedagbog.jnaasnet.dk\/?page_id=153\">N\u00e6ste<\/a><\/p>\n<\/div>\n<\/div>\n","protected":false},"excerpt":{"rendered":"<p>S\u00f8ndag den 5. juli 2020 Vi pakkede sammen, spiste morgenmad p\u00e5 v\u00e6relset og smurte madpakker. Vi forlod hotellet kl. halv&hellip;<\/p>\n","protected":false},"author":3,"featured_media":0,"parent":25,"menu_order":6,"comment_status":"closed","ping_status":"closed","template":"","meta":{"footnotes":""},"class_list":["post-134","page","type-page","status-publish","hentry"],"_links":{"self":[{"href":"https:\/\/rejsedagbog.jnaasnet.dk\/index.php?rest_route=\/wp\/v2\/pages\/134","targetHints":{"allow":["GET"]}}],"collection":[{"href":"https:\/\/rejsedagbog.jnaasnet.dk\/index.php?rest_route=\/wp\/v2\/pages"}],"about":[{"href":"https:\/\/rejsedagbog.jnaasnet.dk\/index.php?rest_route=\/wp\/v2\/types\/page"}],"author":[{"embeddable":true,"href":"https:\/\/rejsedagbog.jnaasnet.dk\/index.php?rest_route=\/wp\/v2\/users\/3"}],"replies":[{"embeddable":true,"href":"https:\/\/rejsedagbog.jnaasnet.dk\/index.php?rest_route=%2Fwp%2Fv2%2Fcomments&post=134"}],"version-history":[{"count":7,"href":"https:\/\/rejsedagbog.jnaasnet.dk\/index.php?rest_route=\/wp\/v2\/pages\/134\/revisions"}],"predecessor-version":[{"id":550,"href":"https:\/\/rejsedagbog.jnaasnet.dk\/index.php?rest_route=\/wp\/v2\/pages\/134\/revisions\/550"}],"up":[{"embeddable":true,"href":"https:\/\/rejsedagbog.jnaasnet.dk\/index.php?rest_route=\/wp\/v2\/pages\/25"}],"wp:attachment":[{"href":"https:\/\/rejsedagbog.jnaasnet.dk\/index.php?rest_route=%2Fwp%2Fv2%2Fmedia&parent=134"}],"curies":[{"name":"wp","href":"https:\/\/api.w.org\/{rel}","templated":true}]}}