{"id":118,"date":"2020-07-08T22:57:05","date_gmt":"2020-07-08T20:57:05","guid":{"rendered":"https:\/\/rejsedagbog.jnaasnet.dk\/?page_id=118"},"modified":"2020-10-20T21:17:27","modified_gmt":"2020-10-20T19:17:27","slug":"dag-5-munchen","status":"publish","type":"page","link":"https:\/\/rejsedagbog.jnaasnet.dk\/?page_id=118","title":{"rendered":"Dag #5: M\u00fcnchen"},"content":{"rendered":"\n<h4 class=\"wp-block-heading\">L\u00f8rdag den 4. juli 2020<\/h4>\n\n\n\n<p>Det tog lidt l\u00e6ngere tid at sove i dag.<\/p>\n\n\n\n<p>Vi parkerede bilen 25 minutter fra centrum (alte stadt) og gik. Vi begyndte p\u00e5 virktualiemarkt, men et mindre udbrud af hangryness gjorde at vi m\u00e5tte \u00e6ndre i prioriteringen og finde et sted at sidde. Da dagens f\u00f8rste kop kaffe og m\u00e5ltid var indtaget kunne vi give markedet et nyt fors\u00f8g. Der var mange l\u00e6kre madvarer og det blev da ogs\u00e5 til en snack-agurk<\/p>\n\n\n\n<figure class=\"wp-block-image size-large\"><img loading=\"lazy\" decoding=\"async\" width=\"768\" height=\"1024\" src=\"https:\/\/rejsedagbog.jnaasnet.dk\/wp-content\/uploads\/2020\/07\/image-62-768x1024.png\" alt=\"so auer \nSt\u00fcck \nsog. \nsauer eingelegt \nInn \n0,50t .f \nGriechische Jumb \nOliven \/ Natur \n(ohne Kern) \nScharfe \nKnoblauchgurke \n(ei\u00c5geJegtin Knoblauch und Chili ) \nSt\u00fcck 0,60\u20ac \" class=\"wp-image-124\" srcset=\"https:\/\/rejsedagbog.jnaasnet.dk\/wp-content\/uploads\/2020\/07\/image-62-768x1024.png 768w, https:\/\/rejsedagbog.jnaasnet.dk\/wp-content\/uploads\/2020\/07\/image-62-225x300.png 225w, https:\/\/rejsedagbog.jnaasnet.dk\/wp-content\/uploads\/2020\/07\/image-62-1152x1536.png 1152w, https:\/\/rejsedagbog.jnaasnet.dk\/wp-content\/uploads\/2020\/07\/image-62-1536x2048.png 1536w, https:\/\/rejsedagbog.jnaasnet.dk\/wp-content\/uploads\/2020\/07\/image-62-1600x2133.png 1600w\" sizes=\"auto, (max-width: 768px) 100vw, 768px\" \/><\/figure>\n\n\n\n<figure class=\"wp-block-image size-large\"><img loading=\"lazy\" decoding=\"async\" width=\"576\" height=\"1024\" src=\"https:\/\/rejsedagbog.jnaasnet.dk\/wp-content\/uploads\/2020\/07\/image-59-576x1024.png\" alt=\"Tysk snach-tid \" class=\"wp-image-119\" srcset=\"https:\/\/rejsedagbog.jnaasnet.dk\/wp-content\/uploads\/2020\/07\/image-59-576x1024.png 576w, https:\/\/rejsedagbog.jnaasnet.dk\/wp-content\/uploads\/2020\/07\/image-59-169x300.png 169w, https:\/\/rejsedagbog.jnaasnet.dk\/wp-content\/uploads\/2020\/07\/image-59.png 750w\" sizes=\"auto, (max-width: 576px) 100vw, 576px\" \/><\/figure>\n\n\n\n<figure class=\"wp-block-image size-large\"><img loading=\"lazy\" decoding=\"async\" width=\"1024\" height=\"1024\" src=\"https:\/\/rejsedagbog.jnaasnet.dk\/wp-content\/uploads\/2020\/07\/image-61-1024x1024.png\" alt=\"\" class=\"wp-image-122\" srcset=\"https:\/\/rejsedagbog.jnaasnet.dk\/wp-content\/uploads\/2020\/07\/image-61-1024x1024.png 1024w, https:\/\/rejsedagbog.jnaasnet.dk\/wp-content\/uploads\/2020\/07\/image-61-300x300.png 300w, https:\/\/rejsedagbog.jnaasnet.dk\/wp-content\/uploads\/2020\/07\/image-61-150x150.png 150w, https:\/\/rejsedagbog.jnaasnet.dk\/wp-content\/uploads\/2020\/07\/image-61-768x768.png 768w, https:\/\/rejsedagbog.jnaasnet.dk\/wp-content\/uploads\/2020\/07\/image-61-1536x1536.png 1536w, https:\/\/rejsedagbog.jnaasnet.dk\/wp-content\/uploads\/2020\/07\/image-61-1600x1600.png 1600w, https:\/\/rejsedagbog.jnaasnet.dk\/wp-content\/uploads\/2020\/07\/image-61.png 1908w\" sizes=\"auto, (max-width: 1024px) 100vw, 1024px\" \/><\/figure>\n\n\n\n<p>Herfra var der ikke de store planer og vi vandrede lidt rundt p\u00e5 m\u00e5 og f\u00e5 og kiggede lidt p\u00e5 butikker og s\u00e5 da ogs\u00e5 Skt. Lukas kirke<\/p>\n\n\n\n<figure class=\"wp-block-image size-large\"><img loading=\"lazy\" decoding=\"async\" width=\"576\" height=\"1024\" src=\"https:\/\/rejsedagbog.jnaasnet.dk\/wp-content\/uploads\/2020\/07\/image-60-576x1024.png\" alt=\"\u0644\u0644 \u062f \u062f - \" class=\"wp-image-120\" srcset=\"https:\/\/rejsedagbog.jnaasnet.dk\/wp-content\/uploads\/2020\/07\/image-60-576x1024.png 576w, https:\/\/rejsedagbog.jnaasnet.dk\/wp-content\/uploads\/2020\/07\/image-60-169x300.png 169w, https:\/\/rejsedagbog.jnaasnet.dk\/wp-content\/uploads\/2020\/07\/image-60.png 750w\" sizes=\"auto, (max-width: 576px) 100vw, 576px\" \/><\/figure>\n\n\n\n<figure class=\"wp-block-image size-large\"><img loading=\"lazy\" decoding=\"async\" width=\"768\" height=\"1024\" src=\"https:\/\/rejsedagbog.jnaasnet.dk\/wp-content\/uploads\/2020\/07\/image-63-768x1024.png\" alt=\"Brillevm..w \n\u0627\u0641\u0639\u0644\u0627\u0643\u0639\u0639\u062a \n\u0627\u0648\u0631 \" class=\"wp-image-125\" srcset=\"https:\/\/rejsedagbog.jnaasnet.dk\/wp-content\/uploads\/2020\/07\/image-63-768x1024.png 768w, https:\/\/rejsedagbog.jnaasnet.dk\/wp-content\/uploads\/2020\/07\/image-63-225x300.png 225w, https:\/\/rejsedagbog.jnaasnet.dk\/wp-content\/uploads\/2020\/07\/image-63-1152x1536.png 1152w, https:\/\/rejsedagbog.jnaasnet.dk\/wp-content\/uploads\/2020\/07\/image-63-1536x2048.png 1536w, https:\/\/rejsedagbog.jnaasnet.dk\/wp-content\/uploads\/2020\/07\/image-63-1600x2133.png 1600w\" sizes=\"auto, (max-width: 768px) 100vw, 768px\" \/><\/figure>\n\n\n\n<figure class=\"wp-block-image size-large\"><img loading=\"lazy\" decoding=\"async\" width=\"1024\" height=\"485\" src=\"https:\/\/rejsedagbog.jnaasnet.dk\/wp-content\/uploads\/2020\/07\/image-64-1024x485.png\" alt=\"\u3068 \u30e8 9 \u304d \n\u3001 \u5f53 \u3057 \u6708 \n\u3069 \u30e8 9 \n\u30fb \u30cf \u6708 Z \u4e00 \n\u7b2c \u30a4 \u7b2c \" class=\"wp-image-126\" srcset=\"https:\/\/rejsedagbog.jnaasnet.dk\/wp-content\/uploads\/2020\/07\/image-64-1024x485.png 1024w, https:\/\/rejsedagbog.jnaasnet.dk\/wp-content\/uploads\/2020\/07\/image-64-300x142.png 300w, https:\/\/rejsedagbog.jnaasnet.dk\/wp-content\/uploads\/2020\/07\/image-64-768x364.png 768w, https:\/\/rejsedagbog.jnaasnet.dk\/wp-content\/uploads\/2020\/07\/image-64-1536x728.png 1536w, https:\/\/rejsedagbog.jnaasnet.dk\/wp-content\/uploads\/2020\/07\/image-64-2048x971.png 2048w, https:\/\/rejsedagbog.jnaasnet.dk\/wp-content\/uploads\/2020\/07\/image-64-1600x758.png 1600w\" sizes=\"auto, (max-width: 1024px) 100vw, 1024px\" \/><\/figure>\n\n\n\n<p>N\u00e6ste hvil blev med en liter \u00f8l og en Breze (Brezel)<\/p>\n\n\n\n<figure class=\"wp-block-image size-large\"><img loading=\"lazy\" decoding=\"async\" width=\"1024\" height=\"1024\" src=\"https:\/\/rejsedagbog.jnaasnet.dk\/wp-content\/uploads\/2020\/07\/image-65-1024x1024.png\" alt=\"becpocL \" class=\"wp-image-127\" srcset=\"https:\/\/rejsedagbog.jnaasnet.dk\/wp-content\/uploads\/2020\/07\/image-65-1024x1024.png 1024w, https:\/\/rejsedagbog.jnaasnet.dk\/wp-content\/uploads\/2020\/07\/image-65-300x300.png 300w, https:\/\/rejsedagbog.jnaasnet.dk\/wp-content\/uploads\/2020\/07\/image-65-150x150.png 150w, https:\/\/rejsedagbog.jnaasnet.dk\/wp-content\/uploads\/2020\/07\/image-65-768x768.png 768w, https:\/\/rejsedagbog.jnaasnet.dk\/wp-content\/uploads\/2020\/07\/image-65-1536x1536.png 1536w, https:\/\/rejsedagbog.jnaasnet.dk\/wp-content\/uploads\/2020\/07\/image-65-2048x2048.png 2048w, https:\/\/rejsedagbog.jnaasnet.dk\/wp-content\/uploads\/2020\/07\/image-65-1600x1600.png 1600w\" sizes=\"auto, (max-width: 1024px) 100vw, 1024px\" \/><\/figure>\n\n\n\n<figure class=\"wp-block-image size-large\"><img loading=\"lazy\" decoding=\"async\" width=\"768\" height=\"1024\" src=\"https:\/\/rejsedagbog.jnaasnet.dk\/wp-content\/uploads\/2020\/07\/image-66-768x1024.png\" alt=\"onle@ \n\u0645\u0647\u0648 \u0637\u0648 \u062a\u0625\u0646\u0633\u062d\u0644 @\u0648\u0627 \nd hil \n\u0627\u0644\u0627\u0627 \" class=\"wp-image-129\" srcset=\"https:\/\/rejsedagbog.jnaasnet.dk\/wp-content\/uploads\/2020\/07\/image-66-768x1024.png 768w, https:\/\/rejsedagbog.jnaasnet.dk\/wp-content\/uploads\/2020\/07\/image-66-225x300.png 225w, https:\/\/rejsedagbog.jnaasnet.dk\/wp-content\/uploads\/2020\/07\/image-66-1152x1536.png 1152w, https:\/\/rejsedagbog.jnaasnet.dk\/wp-content\/uploads\/2020\/07\/image-66-1536x2048.png 1536w, https:\/\/rejsedagbog.jnaasnet.dk\/wp-content\/uploads\/2020\/07\/image-66-1600x2133.png 1600w\" sizes=\"auto, (max-width: 768px) 100vw, 768px\" \/><\/figure>\n\n\n\n<p>Herfra gik vi i \u00f8lhal, hvor vi delte en Bratwurst mit sauerkraut.<\/p>\n\n\n\n<figure class=\"wp-block-image size-large\"><img loading=\"lazy\" decoding=\"async\" width=\"768\" height=\"1024\" src=\"https:\/\/rejsedagbog.jnaasnet.dk\/wp-content\/uploads\/2020\/07\/image-68-768x1024.png\" alt=\"\" class=\"wp-image-131\" srcset=\"https:\/\/rejsedagbog.jnaasnet.dk\/wp-content\/uploads\/2020\/07\/image-68-768x1024.png 768w, https:\/\/rejsedagbog.jnaasnet.dk\/wp-content\/uploads\/2020\/07\/image-68-225x300.png 225w, https:\/\/rejsedagbog.jnaasnet.dk\/wp-content\/uploads\/2020\/07\/image-68-1152x1536.png 1152w, https:\/\/rejsedagbog.jnaasnet.dk\/wp-content\/uploads\/2020\/07\/image-68-1536x2048.png 1536w, https:\/\/rejsedagbog.jnaasnet.dk\/wp-content\/uploads\/2020\/07\/image-68-1600x2133.png 1600w\" sizes=\"auto, (max-width: 768px) 100vw, 768px\" \/><\/figure>\n\n\n\n<figure class=\"wp-block-image size-large\"><img loading=\"lazy\" decoding=\"async\" width=\"768\" height=\"1024\" src=\"https:\/\/rejsedagbog.jnaasnet.dk\/wp-content\/uploads\/2020\/07\/image-67-768x1024.png\" alt=\"\u0399\u0399!\u03b1\u03c2\u03c2 $]\u03b9\u03b9 \u03b1\u03b1\u03b9\u03b9\u03b9\u03b9\u03b9\u03bd \n\u0399\u0399 \" class=\"wp-image-130\" srcset=\"https:\/\/rejsedagbog.jnaasnet.dk\/wp-content\/uploads\/2020\/07\/image-67-768x1024.png 768w, https:\/\/rejsedagbog.jnaasnet.dk\/wp-content\/uploads\/2020\/07\/image-67-225x300.png 225w, https:\/\/rejsedagbog.jnaasnet.dk\/wp-content\/uploads\/2020\/07\/image-67-1152x1536.png 1152w, https:\/\/rejsedagbog.jnaasnet.dk\/wp-content\/uploads\/2020\/07\/image-67-1536x2048.png 1536w, https:\/\/rejsedagbog.jnaasnet.dk\/wp-content\/uploads\/2020\/07\/image-67-1600x2133.png 1600w\" sizes=\"auto, (max-width: 768px) 100vw, 768px\" \/><\/figure>\n\n\n\n<p>Inden turen gik tilbage til bilen, gjorde vi et kort stop og fik et glas italiensk hvidvin.<\/p>\n\n\n\n<p>Bilen var parkeret ved et supermarked, hvor vi handlede til morgenmad og madpakker til i morgen.<\/p>\n\n\n\n<p>Vi k\u00f8rte hjem til hotellet og slappede af og gik i seng<\/p>\n\n\n\n<div class=\"wp-block-columns is-layout-flex wp-container-core-columns-is-layout-9d6595d7 wp-block-columns-is-layout-flex\">\n<div class=\"wp-block-column is-layout-flow wp-block-column-is-layout-flow\">\n<p class=\"has-text-align-center\"><a href=\"https:\/\/rejsedagbog.jnaasnet.dk\/?page_id=110\">Tilbage<\/a><\/p>\n<\/div>\n\n\n\n<div class=\"wp-block-column is-layout-flow wp-block-column-is-layout-flow\">\n<p class=\"has-text-align-center\"><a href=\"https:\/\/rejsedagbog.jnaasnet.dk\/?page_id=134\">N\u00e6ste<\/a><\/p>\n<\/div>\n<\/div>\n","protected":false},"excerpt":{"rendered":"<p>L\u00f8rdag den 4. juli 2020 Det tog lidt l\u00e6ngere tid at sove i dag. Vi parkerede bilen 25 minutter fra&hellip;<\/p>\n","protected":false},"author":3,"featured_media":0,"parent":25,"menu_order":5,"comment_status":"closed","ping_status":"closed","template":"","meta":{"footnotes":""},"class_list":["post-118","page","type-page","status-publish","hentry"],"_links":{"self":[{"href":"https:\/\/rejsedagbog.jnaasnet.dk\/index.php?rest_route=\/wp\/v2\/pages\/118","targetHints":{"allow":["GET"]}}],"collection":[{"href":"https:\/\/rejsedagbog.jnaasnet.dk\/index.php?rest_route=\/wp\/v2\/pages"}],"about":[{"href":"https:\/\/rejsedagbog.jnaasnet.dk\/index.php?rest_route=\/wp\/v2\/types\/page"}],"author":[{"embeddable":true,"href":"https:\/\/rejsedagbog.jnaasnet.dk\/index.php?rest_route=\/wp\/v2\/users\/3"}],"replies":[{"embeddable":true,"href":"https:\/\/rejsedagbog.jnaasnet.dk\/index.php?rest_route=%2Fwp%2Fv2%2Fcomments&post=118"}],"version-history":[{"count":6,"href":"https:\/\/rejsedagbog.jnaasnet.dk\/index.php?rest_route=\/wp\/v2\/pages\/118\/revisions"}],"predecessor-version":[{"id":549,"href":"https:\/\/rejsedagbog.jnaasnet.dk\/index.php?rest_route=\/wp\/v2\/pages\/118\/revisions\/549"}],"up":[{"embeddable":true,"href":"https:\/\/rejsedagbog.jnaasnet.dk\/index.php?rest_route=\/wp\/v2\/pages\/25"}],"wp:attachment":[{"href":"https:\/\/rejsedagbog.jnaasnet.dk\/index.php?rest_route=%2Fwp%2Fv2%2Fmedia&parent=118"}],"curies":[{"name":"wp","href":"https:\/\/api.w.org\/{rel}","templated":true}]}}